{"id":8701,"date":"2023-01-24T23:33:31","date_gmt":"2023-01-24T23:33:31","guid":{"rendered":"https:\/\/dafi-dafi.gr\/?page_id=8701"},"modified":"2023-01-24T23:34:26","modified_gmt":"2023-01-24T23:34:26","slug":"bean-sofa","status":"publish","type":"page","link":"https:\/\/dafi-dafi.gr\/en\/bean-sofa\/","title":{"rendered":"BEAN SOFA"},"content":{"rendered":"<div   class='avia-fullscreen-slider main_color   avia-builder-el-0  el_before_av_section  avia-builder-el-first  container_wrap fullsize'  ><div  class='avia-slideshow av-jmymr9at-557de3de1c5d02680452fede5137551d avia-slideshow-no scaling av_fullscreen avia-slide-slider av-slideshow-ui av-control-default av-slideshow-manual av-loop-once av-loop-manual-endless av-default-height-applied   avia-slideshow-1' data-slideshow-options=\"{&quot;animation&quot;:&quot;slide&quot;,&quot;autoplay&quot;:false,&quot;loop_autoplay&quot;:&quot;once&quot;,&quot;interval&quot;:5,&quot;loop_manual&quot;:&quot;manual-endless&quot;,&quot;autoplay_stopper&quot;:false,&quot;noNavigation&quot;:false,&quot;bg_slider&quot;:true,&quot;keep_padding&quot;:false,&quot;hoverpause&quot;:false,&quot;show_slide_delay&quot;:0,&quot;slide_height&quot;:&quot;100&quot;,&quot;image_attachment&quot;:&quot;&quot;}\"  itemprop=\"image\" itemscope=\"itemscope\" itemtype=\"https:\/\/schema.org\/ImageObject\" ><ul class='avia-slideshow-inner ' style='padding-bottom: 46.510416666667%;'><li style='background-position:center center;' data-img-url='https:\/\/dafi-dafi.gr\/wp-content\/uploads\/2023\/01\/99.jpg' class='avia-slideshow-slide av-jmymr9at-557de3de1c5d02680452fede5137551d__0  av-single-slide slide-1 slide-odd'><div data-rel='slideshow-1' class='avia-slide-wrap '   ><\/div><\/li><\/ul><\/div><\/div>\n\n<style type=\"text\/css\" data-created_by=\"avia_inline_auto\" id=\"style-css-av-jmkfhe3m-bc6646ca5371501ea4427c7b2aeddc57\">\n.avia-section.av-jmkfhe3m-bc6646ca5371501ea4427c7b2aeddc57{\nbackground-color:#f7f7f7;\nbackground-image:unset;\n}\n<\/style>\n<div id='av_section_1'  class='avia-section av-jmkfhe3m-bc6646ca5371501ea4427c7b2aeddc57 main_color avia-section-default avia-no-border-styling  avia-builder-el-1  el_after_av_fullscreen  el_before_av_section  avia-bg-style-scroll container_wrap fullsize'  ><div class='container av-section-cont-open' ><div class='template-page content  av-content-full alpha units'><div class='post-entry post-entry-type-page post-entry-8701'><div class='entry-content-wrapper clearfix'>\n\n<style type=\"text\/css\" data-created_by=\"avia_inline_auto\" id=\"style-css-av-ldavjnlc-1673ddadb05fab813e0037ced481e2ff\">\n#top .av-special-heading.av-ldavjnlc-1673ddadb05fab813e0037ced481e2ff{\npadding-bottom:10px;\ncolor:#3c3c3c;\n}\nbody .av-special-heading.av-ldavjnlc-1673ddadb05fab813e0037ced481e2ff .av-special-heading-tag .heading-char{\nfont-size:25px;\n}\n.av-special-heading.av-ldavjnlc-1673ddadb05fab813e0037ced481e2ff .special-heading-inner-border{\nborder-color:#3c3c3c;\n}\n.av-special-heading.av-ldavjnlc-1673ddadb05fab813e0037ced481e2ff .av-subheading{\nfont-size:15px;\n}\n<\/style>\n<div  class='av-special-heading av-ldavjnlc-1673ddadb05fab813e0037ced481e2ff av-special-heading-h1 custom-color-heading blockquote modern-quote modern-centered  avia-builder-el-2  avia-builder-el-no-sibling '><h1 class='av-special-heading-tag'  itemprop=\"headline\"  >BEAN<\/h1><div class='av_custom_color av-subheading av-subheading_below'><p>Sofa &#8211; New Collection 2023<\/p>\n<\/div><div class=\"special-heading-border\"><div class=\"special-heading-inner-border\"><\/div><\/div><\/div>\n<\/div><\/div><\/div><!-- close content main div --><\/div><\/div><div id='av_section_2'  class='avia-section av-jmkfx7sk-d794cdae00d20581df95502e6730972c main_color avia-section-default avia-shadow  avia-builder-el-3  el_after_av_section  el_before_av_section  avia-bg-style-scroll container_wrap fullsize'  ><div class='container av-section-cont-open' ><div class='template-page content  av-content-full alpha units'><div class='post-entry post-entry-type-page post-entry-8701'><div class='entry-content-wrapper clearfix'>\n\n<style type=\"text\/css\" data-created_by=\"avia_inline_auto\" id=\"style-css-av-gxeyr-7a0e0d34cfe3b7c8ea3e49ff845e8776\">\n.flex_column.av-gxeyr-7a0e0d34cfe3b7c8ea3e49ff845e8776{\nborder-radius:0px 0px 0px 0px;\npadding:0px 0px 0px 0px;\n}\n<\/style>\n<div  class='flex_column av-gxeyr-7a0e0d34cfe3b7c8ea3e49ff845e8776 av_one_half  avia-builder-el-4  el_before_av_one_half  avia-builder-el-first  first flex_column_div av-zero-column-padding  '     ><p>\n<style type=\"text\/css\" data-created_by=\"avia_inline_auto\" id=\"style-css-av-jmkg1u58-19ad748368bea4cd778f94dcb05757d3\">\n#top .hr.hr-invisible.av-jmkg1u58-19ad748368bea4cd778f94dcb05757d3{\nheight:20px;\n}\n<\/style>\n<div  class='hr av-jmkg1u58-19ad748368bea4cd778f94dcb05757d3 hr-invisible  avia-builder-el-5  el_before_av_textblock  avia-builder-el-first '><span class='hr-inner '><span class=\"hr-inner-style\"><\/span><\/span><\/div><br \/>\n\n<style type=\"text\/css\" data-created_by=\"avia_inline_auto\" id=\"style-css-av-jmkf23pr-b5cddfb9563eef105dfa301311195833\">\n#top .av_textblock_section.av-jmkf23pr-b5cddfb9563eef105dfa301311195833 .avia_textblock{\ncolor:#4d4d4d;\n}\n<\/style>\n<section  class='av_textblock_section av-jmkf23pr-b5cddfb9563eef105dfa301311195833 '   itemscope=\"itemscope\" itemtype=\"https:\/\/schema.org\/CreativeWork\" ><div class='avia_textblock av_inherit_color'  itemprop=\"text\" ><h5 style=\"text-align: right;\">\u0388\u03bd\u03b1\u03c2 \u03ba\u03b1\u03bd\u03b1\u03c0\u03ad\u03c2 \u03b1\u03c1\u03b9\u03c3\u03c4\u03bf\u03cd\u03c1\u03b3\u03b7\u03bc\u03b1 \u03c3\u03b5 \u03c3\u03c7\u03ae\u03bc\u03b1 \u03b3\u03bb\u03c5\u03c0\u03c4\u03bf\u03cd. \u0397 \u03b9\u03b4\u03ad\u03b1 \u03ae\u03c4\u03b1\u03bd \u03bd\u03b1 \u03b4\u03b7\u03bc\u03b9\u03bf\u03c5\u03c1\u03b3\u03b7\u03b8\u03b5\u03af \u03ad\u03bd\u03b1 \u03c3\u03c7\u03ad\u03b4\u03b9\u03bf \u03c0\u03bf\u03c5 \u03bd\u03b1 \u03b5\u03af\u03bd\u03b1\u03b9 \u03ba\u03b1\u03b8\u03bf\u03c1\u03b9\u03c3\u03c4\u03b9\u03ba\u03cc \u03ba\u03b1\u03b9 \u03b4\u03b9\u03b1\u03c7\u03c1\u03bf\u03bd\u03b9\u03ba\u03cc \u03ba\u03b1\u03b9 \u03bd\u03b1 \u03b4\u03b9\u03b1\u03bc\u03bf\u03c1\u03c6\u03c9\u03b8\u03b5\u03af \u03c3\u03b5 \u03ad\u03bd\u03b1 \u03c6\u03b9\u03bb\u03cc\u03be\u03b5\u03bd\u03bf \u03ba\u03b1\u03b9 one-of-a-kind \u03ba\u03b1\u03bd\u03b1\u03c0\u03ad. \u039f\u03b9 \u03b1\u03ad\u03bd\u03b1\u03b5\u03c2 \u03b3\u03c1\u03b1\u03bc\u03bc\u03ad\u03c2 \u03c4\u03bf\u03c5 \u03c0\u03bf\u03c5 \u03c1\u03ad\u03bf\u03c5\u03bd \u03c3\u03b5 \u03cc\u03bb\u03bf \u03c4\u03bf\u03c5 \u03c4\u03bf \u03c0\u03b5\u03c1\u03af\u03b3\u03c1\u03b1\u03bc\u03bc\u03b1, \u03b4\u03b7\u03bc\u03b9\u03bf\u03c5\u03c1\u03b3\u03bf\u03cd\u03bd \u03ad\u03bd\u03b1\u03bd \u03b5\u03bb\u03b1\u03c3\u03c4\u03b9\u03ba\u03cc \u03ba\u03b1\u03b9 \u03c3\u03c5\u03bc\u03c0\u03b1\u03b3\u03ae \u03cc\u03b3\u03ba\u03bf \u03c0\u03bf\u03c5 \u03c0\u03c1\u03bf\u03c3\u03c6\u03ad\u03c1\u03b5\u03b9 \u03bc\u03af\u03b1 \u03ac\u03bd\u03b5\u03c4\u03b7 \u03ba\u03b1\u03b9 \u03b1\u03c0\u03b1\u03bb\u03ae \u03b5\u03bc\u03c0\u03b5\u03b9\u03c1\u03af\u03b1 \u03ba\u03b1\u03b8\u03af\u03c3\u03bc\u03b1\u03c4\u03bf\u03c2.<br \/>\n\u0393\u03b9\u03b1 \u03c4\u03bf \u03c3\u03c7\u03ad\u03b4\u03b9\u03bf \u03b5\u03c0\u03b9\u03bb\u03ad\u03c7\u03b8\u03b7\u03ba\u03b5 \u03ad\u03bd\u03b1 \u03bc\u03bf\u03bd\u03b1\u03b4\u03b9\u03ba\u03ae\u03c2 \u03c5\u03c6\u03ae\u03c2 \u03cd\u03c6\u03b1\u03c3\u03bc\u03b1, \u03bc\u03b5 \u03c0\u03bb\u03bf\u03cd\u03c3\u03b9\u03bf \u03cc\u03b3\u03ba\u03bf \u03ba\u03b1\u03b9 \u03c0\u03c1\u03c9\u03c4\u03bf\u03c0\u03bf\u03c1\u03b9\u03b1\u03ba\u03ae \u03b5\u03bc\u03c6\u03ac\u03bd\u03b9\u03c3\u03b7 \u03b1\u03c0\u03cc \u03c4\u03b7\u03bd \u03b5\u03c4\u03b1\u03b9\u03c1\u03b5\u03af\u03b1 ERGANI Tailored by Karatzoglou.<\/h5>\n<\/div><\/section><br \/>\n<div  class='hr av-jmkeqlis-60f2e70023e2a6ddca1b80370c030fd8 hr-short  avia-builder-el-7  el_after_av_textblock  el_before_av_textblock  hr-right'><span class='hr-inner '><span class=\"hr-inner-style\"><\/span><\/span><\/div><br \/>\n\n<style type=\"text\/css\" data-created_by=\"avia_inline_auto\" id=\"style-css-av-jmkf9qz7-caf65578a72f2c2cf698a9fa33448e14\">\n#top .av_textblock_section.av-jmkf9qz7-caf65578a72f2c2cf698a9fa33448e14 .avia_textblock{\nfont-size:14px;\n}\n<\/style>\n<section  class='av_textblock_section av-jmkf9qz7-caf65578a72f2c2cf698a9fa33448e14 '   itemscope=\"itemscope\" itemtype=\"https:\/\/schema.org\/CreativeWork\" ><div class='avia_textblock'  itemprop=\"text\" ><p style=\"text-align: right;\">\u03a3\u03ba\u03b5\u03bb\u03b5\u03c4\u03cc\u03c2 \u03ba\u03b1\u03c4\u03b1\u03c3\u03ba\u03b5\u03c5\u03b1\u03c3\u03bc\u03ad\u03bd\u03bf\u03c2 \u03b1\u03c0\u03cc \u03c6\u03bf\u03c5\u03c1\u03bd\u03b9\u03c3\u03c4\u03ae \u03bf\u03be\u03b9\u03ac<br \/>\n\u0391\u03c6\u03b1\u03b9\u03c1\u03bf\u03cd\u03bc\u03b5\u03bd\u03bf \u03ba\u03ac\u03bb\u03c5\u03bc\u03bc\u03b1 \u03c3\u03b5 \u03c3\u03ce\u03bc\u03b1 \u03ba\u03b1\u03b9 \u03bc\u03b1\u03be\u03b9\u03bb\u03ac\u03c1\u03b9\u03b1<br \/>\n\u039c\u03b1\u03be\u03b9\u03bb\u03ac\u03c1\u03b9\u03b1 \u03c0\u03bb\u03ac\u03c4\u03b7\u03c2 \u03bc\u03b5 \u03c4\u03c1\u03b9\u03c0\u03bb\u03ae \u03b4\u03b9\u03b1\u03bc\u03b5\u03c1\u03b9\u03c3\u03bc\u03b1\u03c4\u03bf\u03c0\u03bf\u03af\u03b7\u03c3\u03b7 \u03bc\u03b5 \u03b3\u03ad\u03bc\u03b9\u03c3\u03b7 \u03c0\u03bf\u03cd\u03c0\u03bf\u03c5\u03bb\u03bf &amp; \u03b1\u03bd\u03c4\u03b9\u03b1\u03bb\u03bb\u03b5\u03c1\u03b3\u03b9\u03ba\u03cc \u03c0\u03bf\u03bb\u03c5\u03b5\u03c3\u03c4\u03ad\u03c1\u03b1 \u03bc\u03b5 \u03c0\u03b1\u03c1\u03b8\u03ad\u03bd\u03b1 \u03c0\u03c1\u03ce\u03c4\u03b7 \u03cd\u03bb\u03b7, \u03bc\u03b5 \u03b2\u03b1\u03bc\u03b2\u03b1\u03ba\u03b5\u03c1\u03cc \u03c0\u03bf\u03c5\u03c0\u03bf\u03c5\u03bb\u03cc\u03c0\u03b1\u03bd\u03bf \u0391\u0384 \u03c0\u03bf\u03b9\u03cc\u03c4\u03b7\u03c4\u03b1\u03c2<br \/>\n\u0391\u03c6\u03c1\u03ce\u03b4\u03b7 \u03c5\u03c8\u03b7\u03bb\u03ae\u03c2 \u03c0\u03bf\u03b9\u03cc\u03c4\u03b7\u03c4\u03b1\u03c2 \u03c3\u03c4\u03bf \u03ba\u03ac\u03b8\u03b9\u03c3\u03bc\u03b1 \u03ba\u03b1\u03b9 \u03c3\u03b5 \u03cc\u03bb\u03b5\u03c2 \u03c4\u03b9\u03c2 \u03b5\u03c0\u03b9\u03c6\u03ac\u03bd\u03b5\u03b9\u03b5\u03c2, \u03bc\u03b5 \u03c5\u03c0\u03bf\u03b1\u03bb\u03bb\u03b5\u03c1\u03b3\u03b9\u03ba\u03cc \u03ba\u03ac\u03bb\u03c5\u03bc\u03bc\u03b1 \u03ba\u03b1\u03b9 \u03b5\u03c0\u03b9\u03ba\u03ac\u03bb\u03c5\u03c8\u03b7 \u03bc\u03b5 \u0399\u03c4\u03b1\u03bb\u03b9\u03ba\u03cc \u03b1\u03ba\u03bf\u03c0\u03b9\u03ac\u03c4\u03bf<br \/>\n\u0394\u03b9\u03b1\u03c3\u03c4\u03ac\u03c3\u03b5\u03b9\u03c2 \u03c3\u03c4\u03b1\u03b8\u03b5\u03c1\u03ad\u03c2<\/p>\n<\/div><\/section><\/p><\/div>\n<style type=\"text\/css\" data-created_by=\"avia_inline_auto\" id=\"style-css-av-74323-2bb53eefdf3b85e112fb83eea1b42e42\">\n.flex_column.av-74323-2bb53eefdf3b85e112fb83eea1b42e42{\nborder-radius:0px 0px 0px 0px;\npadding:0px 0px 0px 0px;\n}\n<\/style>\n<div  class='flex_column av-74323-2bb53eefdf3b85e112fb83eea1b42e42 av_one_half  avia-builder-el-9  el_after_av_one_half  avia-builder-el-last  flex_column_div av-zero-column-padding  '     ><p>\n<style type=\"text\/css\" data-created_by=\"avia_inline_auto\" id=\"style-css-av-jmkg1u58-19ad748368bea4cd778f94dcb05757d3\">\n#top .hr.hr-invisible.av-jmkg1u58-19ad748368bea4cd778f94dcb05757d3{\nheight:20px;\n}\n<\/style>\n<div  class='hr av-jmkg1u58-19ad748368bea4cd778f94dcb05757d3 hr-invisible  avia-builder-el-10  el_before_av_textblock  avia-builder-el-first '><span class='hr-inner '><span class=\"hr-inner-style\"><\/span><\/span><\/div><br \/>\n\n<style type=\"text\/css\" data-created_by=\"avia_inline_auto\" id=\"style-css-av-jmkf23pr-b5cddfb9563eef105dfa301311195833\">\n#top .av_textblock_section.av-jmkf23pr-b5cddfb9563eef105dfa301311195833 .avia_textblock{\ncolor:#4d4d4d;\n}\n<\/style>\n<section  class='av_textblock_section av-jmkf23pr-b5cddfb9563eef105dfa301311195833 '   itemscope=\"itemscope\" itemtype=\"https:\/\/schema.org\/CreativeWork\" ><div class='avia_textblock av_inherit_color'  itemprop=\"text\" ><h5 style=\"text-align: left;\">A masterfully performed sculpture-shaped sofa. The concept was to form a design that is decisive and timeless and turn it into an inviting and a one-of-a-kind piece of furniture. Seamless flowing lines that flow throughout its outline, create an elastic and compact volume that offers a mildly soft seating experience.<br \/>\nA unique textured fabric, with a rich volume and an innovative appearance has been chosen from the company, ERGANI Tailored by Karatzoglou.<\/h5>\n<\/div><\/section><br \/>\n<div  class='hr av-jmkeqlis-00580f0672a1a572a73d2a8009d58deb hr-short  avia-builder-el-12  el_after_av_textblock  el_before_av_textblock  hr-left'><span class='hr-inner '><span class=\"hr-inner-style\"><\/span><\/span><\/div><br \/>\n\n<style type=\"text\/css\" data-created_by=\"avia_inline_auto\" id=\"style-css-av-jmkf9qz7-caf65578a72f2c2cf698a9fa33448e14\">\n#top .av_textblock_section.av-jmkf9qz7-caf65578a72f2c2cf698a9fa33448e14 .avia_textblock{\nfont-size:14px;\n}\n<\/style>\n<section  class='av_textblock_section av-jmkf9qz7-caf65578a72f2c2cf698a9fa33448e14 '   itemscope=\"itemscope\" itemtype=\"https:\/\/schema.org\/CreativeWork\" ><div class='avia_textblock'  itemprop=\"text\" ><p style=\"text-align: left;\">Beech wood frame<br \/>\nRemovable main body and cushion covers<br \/>\nHigh quality feather fabric back cushion in triple compartmentalization stuffed with feathers, hypoallergenic polyester of pure materials<br \/>\nSeating and sofa parts made of high quality foaming, with a hypoallergenic cover and extra \u201caccoppiato\u201d made in Italy.<br \/>\nCustom dimensions not available<\/p>\n<\/div><\/section><\/p><\/div>\n<\/p>\n<\/div><\/div><\/div><!-- close content main div --><\/div><\/div><div id='av_section_3'  class='avia-section av-jmkfx7sk-d794cdae00d20581df95502e6730972c main_color avia-section-default avia-shadow  avia-builder-el-14  el_after_av_section  avia-builder-el-last  avia-bg-style-scroll container_wrap fullsize'  ><div class='container av-section-cont-open' ><div class='template-page content  av-content-full alpha units'><div class='post-entry post-entry-type-page post-entry-8701'><div class='entry-content-wrapper clearfix'>\n\n<style type=\"text\/css\" data-created_by=\"avia_inline_auto\" id=\"style-css-av-gxeyr-7a0e0d34cfe3b7c8ea3e49ff845e8776\">\n.flex_column.av-gxeyr-7a0e0d34cfe3b7c8ea3e49ff845e8776{\nborder-radius:0px 0px 0px 0px;\npadding:0px 0px 0px 0px;\n}\n<\/style>\n<div  class='flex_column av-gxeyr-7a0e0d34cfe3b7c8ea3e49ff845e8776 av_one_half  avia-builder-el-15  el_before_av_one_half  avia-builder-el-first  first flex_column_div av-zero-column-padding  '     ><style type=\"text\/css\" data-created_by=\"avia_inline_auto\" id=\"style-css-av-jmyngqi3-626544beb114352d6c448789dad7a916\">\n#top .avia-gallery.av-jmyngqi3-626544beb114352d6c448789dad7a916 .avia-gallery-thumb a{\nwidth:100%;\n}\n<\/style>\n<div  class='avia-gallery av-jmyngqi3-626544beb114352d6c448789dad7a916 avia_animate_when_visible  avia-builder-el-16  avia-builder-el-no-sibling  avia_lazyload avia-gallery-animate avia-gallery-1'  itemprop=\"image\" itemscope=\"itemscope\" itemtype=\"https:\/\/schema.org\/ImageObject\" ><meta itemprop=\"contentURL\" content=\"https:\/\/dafi-dafi.gr\/en\/bean-sofa\/\"><div class='avia-gallery-thumb'><a href=\"https:\/\/dafi-dafi.gr\/wp-content\/uploads\/2023\/01\/333.jpg\" data-srcset=\"https:\/\/dafi-dafi.gr\/wp-content\/uploads\/2023\/01\/333.jpg 1000w, https:\/\/dafi-dafi.gr\/wp-content\/uploads\/2023\/01\/333-300x210.jpg 300w, https:\/\/dafi-dafi.gr\/wp-content\/uploads\/2023\/01\/333-768x538.jpg 768w, https:\/\/dafi-dafi.gr\/wp-content\/uploads\/2023\/01\/333-705x494.jpg 705w\" data-sizes=\"(max-width: 1000px) 100vw, 1000px\" data-rel='gallery-1' data-prev-img='https:\/\/dafi-dafi.gr\/wp-content\/uploads\/2023\/01\/333-495x400.jpg' class='first_thumb lightbox ' data-onclick='1' title=''  itemprop=\"thumbnailUrl\"  ><img decoding=\"async\" fetchpriority=\"high\" class=\"wp-image-8515 avia-img-lazy-loading-not-8515\"   src=\"https:\/\/dafi-dafi.gr\/wp-content\/uploads\/2023\/01\/333-495x400.jpg\" width=\"495\" height=\"400\"  title='' alt='' srcset=\"https:\/\/dafi-dafi.gr\/wp-content\/uploads\/2023\/01\/333-495x400.jpg 495w, https:\/\/dafi-dafi.gr\/wp-content\/uploads\/2023\/01\/333-845x684.jpg 845w\" sizes=\"(max-width: 495px) 100vw, 495px\" \/><div class='big-prev-fake'><img decoding=\"async\" loading=\"lazy\" class=\"wp-image-8515 avia-img-lazy-loading-8515\"  width=\"495\" height=\"400\" src=\"https:\/\/dafi-dafi.gr\/wp-content\/uploads\/2023\/01\/333-495x400.jpg\" title='' alt='' srcset=\"https:\/\/dafi-dafi.gr\/wp-content\/uploads\/2023\/01\/333-495x400.jpg 495w, https:\/\/dafi-dafi.gr\/wp-content\/uploads\/2023\/01\/333-845x684.jpg 845w\" sizes=\"auto, (max-width: 495px) 100vw, 495px\" \/><\/div><\/a><\/div><\/div><\/div>\n<style type=\"text\/css\" data-created_by=\"avia_inline_auto\" id=\"style-css-av-74323-2bb53eefdf3b85e112fb83eea1b42e42\">\n.flex_column.av-74323-2bb53eefdf3b85e112fb83eea1b42e42{\nborder-radius:0px 0px 0px 0px;\npadding:0px 0px 0px 0px;\n}\n<\/style>\n<div  class='flex_column av-74323-2bb53eefdf3b85e112fb83eea1b42e42 av_one_half  avia-builder-el-17  el_after_av_one_half  avia-builder-el-last  flex_column_div av-zero-column-padding  '     ><p>\n<style type=\"text\/css\" data-created_by=\"avia_inline_auto\" id=\"style-css-av-jmkg1u58-19ad748368bea4cd778f94dcb05757d3\">\n#top .hr.hr-invisible.av-jmkg1u58-19ad748368bea4cd778f94dcb05757d3{\nheight:20px;\n}\n<\/style>\n<div  class='hr av-jmkg1u58-19ad748368bea4cd778f94dcb05757d3 hr-invisible  avia-builder-el-18  el_before_av_textblock  avia-builder-el-first '><span class='hr-inner '><span class=\"hr-inner-style\"><\/span><\/span><\/div><br \/>\n\n<style type=\"text\/css\" data-created_by=\"avia_inline_auto\" id=\"style-css-av-jmkf23pr-b5cddfb9563eef105dfa301311195833\">\n#top .av_textblock_section.av-jmkf23pr-b5cddfb9563eef105dfa301311195833 .avia_textblock{\ncolor:#4d4d4d;\n}\n<\/style>\n<section  class='av_textblock_section av-jmkf23pr-b5cddfb9563eef105dfa301311195833 '   itemscope=\"itemscope\" itemtype=\"https:\/\/schema.org\/CreativeWork\" ><div class='avia_textblock av_inherit_color'  itemprop=\"text\" ><h5 style=\"text-align: left;\">Un canap\u00e9 chef-d&#8217;\u0153uvre en forme de sculpture. L&#8217;id\u00e9e \u00e9tait de cr\u00e9er un design d\u00e9fini et intemporel et le fa\u00e7onner en un canap\u00e9 accueillant et unique en son genre. Ses lignes continues qui coulent tout au long de son contour cr\u00e9ent un volume \u00e9lastique et compact qui offre une exp\u00e9rience d&#8217;assise confortable et douce.<br \/>\nUn tissu de texture unique avec un volume riche et un look innovant de la soci\u00e9t\u00e9 ERGANI Tailored by Karatzoglou a \u00e9t\u00e9 choisi pour le design.<\/h5>\n<\/div><\/section><br \/>\n<div  class='hr av-jmkeqlis-00580f0672a1a572a73d2a8009d58deb hr-short  avia-builder-el-20  el_after_av_textblock  el_before_av_textblock  hr-left'><span class='hr-inner '><span class=\"hr-inner-style\"><\/span><\/span><\/div><br \/>\n\n<style type=\"text\/css\" data-created_by=\"avia_inline_auto\" id=\"style-css-av-jmkf9qz7-caf65578a72f2c2cf698a9fa33448e14\">\n#top .av_textblock_section.av-jmkf9qz7-caf65578a72f2c2cf698a9fa33448e14 .avia_textblock{\nfont-size:14px;\n}\n<\/style>\n<section  class='av_textblock_section av-jmkf9qz7-caf65578a72f2c2cf698a9fa33448e14 '   itemscope=\"itemscope\" itemtype=\"https:\/\/schema.org\/CreativeWork\" ><div class='avia_textblock'  itemprop=\"text\" ><p style=\"text-align: left;\">Cadre interne en h\u00eatre s\u00e9ch\u00e9 au four.<br \/>\nCoussins pour dossier et corps d\u00e9houssables.<br \/>\nCoussins pour dossier \u00e0 trois compartiments rembourr\u00e9s de plumes et de polyester hypoallerg\u00e9nique contenant des mati\u00e8res premi\u00e8res vierges avec un tissu de plumes de coton de haute qualit\u00e9.<br \/>\nCoussins de si\u00e8ge rembourr\u00e9s avec une mousse de haute qualit\u00e9. Housse externe hypoallerg\u00e9nique et rev\u00eatement \u201caccoppiato\u201d fabriqu\u00e9 en Italie.<br \/>\nDimensions fixes.<\/p>\n<\/div><\/section><\/p><\/div>\n\n","protected":false},"excerpt":{"rendered":"","protected":false},"author":1,"featured_media":0,"parent":0,"menu_order":0,"comment_status":"closed","ping_status":"closed","template":"","meta":{"footnotes":""},"class_list":["post-8701","page","type-page","status-publish","hentry"],"yoast_head":"<!-- This site is optimized with the Yoast SEO plugin v27.4 - https:\/\/yoast.com\/product\/yoast-seo-wordpress\/ -->\n<title>BEAN SOFA - Dafi<\/title>\n<meta name=\"robots\" content=\"index, follow, max-snippet:-1, max-image-preview:large, max-video-preview:-1\" \/>\n<link rel=\"canonical\" href=\"https:\/\/dafi-dafi.gr\/en\/bean-sofa\/\" \/>\n<meta property=\"og:locale\" content=\"en_US\" \/>\n<meta property=\"og:type\" content=\"article\" \/>\n<meta property=\"og:title\" content=\"BEAN SOFA - Dafi\" \/>\n<meta property=\"og:url\" content=\"https:\/\/dafi-dafi.gr\/en\/bean-sofa\/\" \/>\n<meta property=\"og:site_name\" content=\"Dafi\" \/>\n<meta property=\"article:publisher\" content=\"https:\/\/www.facebook.com\/dafidafi.gr\/\" \/>\n<meta property=\"article:modified_time\" content=\"2023-01-24T23:34:26+00:00\" \/>\n<meta name=\"twitter:card\" content=\"summary_large_image\" \/>\n<meta name=\"twitter:label1\" content=\"Est. reading time\" \/>\n\t<meta name=\"twitter:data1\" content=\"5 minutes\" \/>\n<script type=\"application\/ld+json\" class=\"yoast-schema-graph\">{\"@context\":\"https:\\\/\\\/schema.org\",\"@graph\":[{\"@type\":\"WebPage\",\"@id\":\"https:\\\/\\\/dafi-dafi.gr\\\/en\\\/bean-sofa\\\/\",\"url\":\"https:\\\/\\\/dafi-dafi.gr\\\/en\\\/bean-sofa\\\/\",\"name\":\"BEAN SOFA - Dafi\",\"isPartOf\":{\"@id\":\"https:\\\/\\\/dafi-dafi.gr\\\/#website\"},\"datePublished\":\"2023-01-24T23:33:31+00:00\",\"dateModified\":\"2023-01-24T23:34:26+00:00\",\"breadcrumb\":{\"@id\":\"https:\\\/\\\/dafi-dafi.gr\\\/en\\\/bean-sofa\\\/#breadcrumb\"},\"inLanguage\":\"en-US\",\"potentialAction\":[{\"@type\":\"ReadAction\",\"target\":[\"https:\\\/\\\/dafi-dafi.gr\\\/en\\\/bean-sofa\\\/\"]}]},{\"@type\":\"BreadcrumbList\",\"@id\":\"https:\\\/\\\/dafi-dafi.gr\\\/en\\\/bean-sofa\\\/#breadcrumb\",\"itemListElement\":[{\"@type\":\"ListItem\",\"position\":1,\"name\":\"Home\",\"item\":\"https:\\\/\\\/dafi-dafi.gr\\\/en\\\/dafi-dafi-home\\\/\"},{\"@type\":\"ListItem\",\"position\":2,\"name\":\"BEAN SOFA\"}]},{\"@type\":\"WebSite\",\"@id\":\"https:\\\/\\\/dafi-dafi.gr\\\/#website\",\"url\":\"https:\\\/\\\/dafi-dafi.gr\\\/\",\"name\":\"Dafi\",\"description\":\"\u0388&pi;&iota;&pi;&lambda;&alpha;\",\"publisher\":{\"@id\":\"https:\\\/\\\/dafi-dafi.gr\\\/#organization\"},\"potentialAction\":[{\"@type\":\"SearchAction\",\"target\":{\"@type\":\"EntryPoint\",\"urlTemplate\":\"https:\\\/\\\/dafi-dafi.gr\\\/?s={search_term_string}\"},\"query-input\":{\"@type\":\"PropertyValueSpecification\",\"valueRequired\":true,\"valueName\":\"search_term_string\"}}],\"inLanguage\":\"en-US\"},{\"@type\":\"Organization\",\"@id\":\"https:\\\/\\\/dafi-dafi.gr\\\/#organization\",\"name\":\"Dafi\",\"url\":\"https:\\\/\\\/dafi-dafi.gr\\\/\",\"logo\":{\"@type\":\"ImageObject\",\"inLanguage\":\"en-US\",\"@id\":\"https:\\\/\\\/dafi-dafi.gr\\\/#\\\/schema\\\/logo\\\/image\\\/\",\"url\":\"https:\\\/\\\/dafi-dafi.gr\\\/wp-content\\\/uploads\\\/2018\\\/05\\\/logo.png\",\"contentUrl\":\"https:\\\/\\\/dafi-dafi.gr\\\/wp-content\\\/uploads\\\/2018\\\/05\\\/logo.png\",\"width\":300,\"height\":94,\"caption\":\"Dafi\"},\"image\":{\"@id\":\"https:\\\/\\\/dafi-dafi.gr\\\/#\\\/schema\\\/logo\\\/image\\\/\"},\"sameAs\":[\"https:\\\/\\\/www.facebook.com\\\/dafidafi.gr\\\/\",\"https:\\\/\\\/www.instagram.com\\\/dafi__dafi\\\/\"]}]}<\/script>\n<!-- \/ Yoast SEO plugin. -->","yoast_head_json":{"title":"BEAN SOFA - Dafi","robots":{"index":"index","follow":"follow","max-snippet":"max-snippet:-1","max-image-preview":"max-image-preview:large","max-video-preview":"max-video-preview:-1"},"canonical":"https:\/\/dafi-dafi.gr\/en\/bean-sofa\/","og_locale":"en_US","og_type":"article","og_title":"BEAN SOFA - Dafi","og_url":"https:\/\/dafi-dafi.gr\/en\/bean-sofa\/","og_site_name":"Dafi","article_publisher":"https:\/\/www.facebook.com\/dafidafi.gr\/","article_modified_time":"2023-01-24T23:34:26+00:00","twitter_card":"summary_large_image","twitter_misc":{"Est. reading time":"5 minutes"},"schema":{"@context":"https:\/\/schema.org","@graph":[{"@type":"WebPage","@id":"https:\/\/dafi-dafi.gr\/en\/bean-sofa\/","url":"https:\/\/dafi-dafi.gr\/en\/bean-sofa\/","name":"BEAN SOFA - Dafi","isPartOf":{"@id":"https:\/\/dafi-dafi.gr\/#website"},"datePublished":"2023-01-24T23:33:31+00:00","dateModified":"2023-01-24T23:34:26+00:00","breadcrumb":{"@id":"https:\/\/dafi-dafi.gr\/en\/bean-sofa\/#breadcrumb"},"inLanguage":"en-US","potentialAction":[{"@type":"ReadAction","target":["https:\/\/dafi-dafi.gr\/en\/bean-sofa\/"]}]},{"@type":"BreadcrumbList","@id":"https:\/\/dafi-dafi.gr\/en\/bean-sofa\/#breadcrumb","itemListElement":[{"@type":"ListItem","position":1,"name":"Home","item":"https:\/\/dafi-dafi.gr\/en\/dafi-dafi-home\/"},{"@type":"ListItem","position":2,"name":"BEAN SOFA"}]},{"@type":"WebSite","@id":"https:\/\/dafi-dafi.gr\/#website","url":"https:\/\/dafi-dafi.gr\/","name":"Dafi","description":"\u0388&pi;&iota;&pi;&lambda;&alpha;","publisher":{"@id":"https:\/\/dafi-dafi.gr\/#organization"},"potentialAction":[{"@type":"SearchAction","target":{"@type":"EntryPoint","urlTemplate":"https:\/\/dafi-dafi.gr\/?s={search_term_string}"},"query-input":{"@type":"PropertyValueSpecification","valueRequired":true,"valueName":"search_term_string"}}],"inLanguage":"en-US"},{"@type":"Organization","@id":"https:\/\/dafi-dafi.gr\/#organization","name":"Dafi","url":"https:\/\/dafi-dafi.gr\/","logo":{"@type":"ImageObject","inLanguage":"en-US","@id":"https:\/\/dafi-dafi.gr\/#\/schema\/logo\/image\/","url":"https:\/\/dafi-dafi.gr\/wp-content\/uploads\/2018\/05\/logo.png","contentUrl":"https:\/\/dafi-dafi.gr\/wp-content\/uploads\/2018\/05\/logo.png","width":300,"height":94,"caption":"Dafi"},"image":{"@id":"https:\/\/dafi-dafi.gr\/#\/schema\/logo\/image\/"},"sameAs":["https:\/\/www.facebook.com\/dafidafi.gr\/","https:\/\/www.instagram.com\/dafi__dafi\/"]}]}},"_links":{"self":[{"href":"https:\/\/dafi-dafi.gr\/en\/wp-json\/wp\/v2\/pages\/8701","targetHints":{"allow":["GET"]}}],"collection":[{"href":"https:\/\/dafi-dafi.gr\/en\/wp-json\/wp\/v2\/pages"}],"about":[{"href":"https:\/\/dafi-dafi.gr\/en\/wp-json\/wp\/v2\/types\/page"}],"author":[{"embeddable":true,"href":"https:\/\/dafi-dafi.gr\/en\/wp-json\/wp\/v2\/users\/1"}],"replies":[{"embeddable":true,"href":"https:\/\/dafi-dafi.gr\/en\/wp-json\/wp\/v2\/comments?post=8701"}],"version-history":[{"count":3,"href":"https:\/\/dafi-dafi.gr\/en\/wp-json\/wp\/v2\/pages\/8701\/revisions"}],"predecessor-version":[{"id":8705,"href":"https:\/\/dafi-dafi.gr\/en\/wp-json\/wp\/v2\/pages\/8701\/revisions\/8705"}],"wp:attachment":[{"href":"https:\/\/dafi-dafi.gr\/en\/wp-json\/wp\/v2\/media?parent=8701"}],"curies":[{"name":"wp","href":"https:\/\/api.w.org\/{rel}","templated":true}]}}