{"id":7933,"date":"2021-11-08T22:28:01","date_gmt":"2021-11-08T22:28:01","guid":{"rendered":"https:\/\/dafi-dafi.gr\/?page_id=7933"},"modified":"2021-11-08T22:28:01","modified_gmt":"2021-11-08T22:28:01","slug":"big-stool-c2022","status":"publish","type":"page","link":"https:\/\/dafi-dafi.gr\/en\/big-stool-c2022\/","title":{"rendered":"BIG STOOL C2022"},"content":{"rendered":"<div id='full_slider_1'  class='avia-fullwidth-slider main_color avia-shadow   avia-builder-el-0  el_before_av_section  avia-builder-el-first   container_wrap fullsize'  ><div  class='avia-slideshow av-kvdzqd2d-e04844e76d41c1824e2a74056f10329b avia-slideshow-no scaling av_slideshow_full avia-slide-slider av-slideshow-ui av-control-default av-slideshow-manual av-loop-once av-loop-manual-endless av-default-height-applied   avia-slideshow-1' data-slideshow-options=\"{&quot;animation&quot;:&quot;slide&quot;,&quot;autoplay&quot;:false,&quot;loop_autoplay&quot;:&quot;once&quot;,&quot;interval&quot;:5,&quot;loop_manual&quot;:&quot;manual-endless&quot;,&quot;autoplay_stopper&quot;:false,&quot;noNavigation&quot;:false,&quot;bg_slider&quot;:false,&quot;keep_padding&quot;:false,&quot;hoverpause&quot;:false,&quot;show_slide_delay&quot;:0}\"  itemprop=\"image\" itemscope=\"itemscope\" itemtype=\"https:\/\/schema.org\/ImageObject\" ><ul class='avia-slideshow-inner ' style='padding-bottom: 46.510416666667%;'><li  class='avia-slideshow-slide av-kvdzqd2d-e04844e76d41c1824e2a74056f10329b__0  av-single-slide slide-1 slide-odd'><div data-rel='slideshow-1' class='avia-slide-wrap '   ><img decoding=\"async\" fetchpriority=\"high\" class=\"wp-image-7828 avia-img-lazy-loading-not-7828\"  src=\"https:\/\/dafi-dafi.gr\/wp-content\/uploads\/2021\/10\/BIG-STOOL-C2022-1.jpg\" width=\"1920\" height=\"893\" title='' alt=''  itemprop=\"thumbnailUrl\" srcset=\"https:\/\/dafi-dafi.gr\/wp-content\/uploads\/2021\/10\/BIG-STOOL-C2022-1.jpg 1920w, https:\/\/dafi-dafi.gr\/wp-content\/uploads\/2021\/10\/BIG-STOOL-C2022-1-300x140.jpg 300w, https:\/\/dafi-dafi.gr\/wp-content\/uploads\/2021\/10\/BIG-STOOL-C2022-1-1030x479.jpg 1030w, https:\/\/dafi-dafi.gr\/wp-content\/uploads\/2021\/10\/BIG-STOOL-C2022-1-768x357.jpg 768w, https:\/\/dafi-dafi.gr\/wp-content\/uploads\/2021\/10\/BIG-STOOL-C2022-1-1536x714.jpg 1536w, https:\/\/dafi-dafi.gr\/wp-content\/uploads\/2021\/10\/BIG-STOOL-C2022-1-1500x698.jpg 1500w, https:\/\/dafi-dafi.gr\/wp-content\/uploads\/2021\/10\/BIG-STOOL-C2022-1-705x328.jpg 705w\" sizes=\"(max-width: 1920px) 100vw, 1920px\" \/><\/div><\/li><\/ul><\/div><\/div>\n\n<style type=\"text\/css\" data-created_by=\"avia_inline_auto\" id=\"style-css-av-jmkfhe3m-bc6646ca5371501ea4427c7b2aeddc57\">\n.avia-section.av-jmkfhe3m-bc6646ca5371501ea4427c7b2aeddc57{\nbackground-color:#f7f7f7;\nbackground-image:unset;\n}\n<\/style>\n<div id='av_section_1'  class='avia-section av-jmkfhe3m-bc6646ca5371501ea4427c7b2aeddc57 main_color avia-section-default avia-no-border-styling  avia-builder-el-1  el_after_av_slideshow_full  el_before_av_section  avia-bg-style-scroll container_wrap fullsize'  ><div class='container av-section-cont-open' ><div class='template-page content  av-content-full alpha units'><div class='post-entry post-entry-type-page post-entry-7933'><div class='entry-content-wrapper clearfix'>\n\n<style type=\"text\/css\" data-created_by=\"avia_inline_auto\" id=\"style-css-av-kvr8jtao-68e2a3034cbc6f54eb0f2efa158b865b\">\n#top .av-special-heading.av-kvr8jtao-68e2a3034cbc6f54eb0f2efa158b865b{\npadding-bottom:10px;\ncolor:#3c3c3c;\n}\nbody .av-special-heading.av-kvr8jtao-68e2a3034cbc6f54eb0f2efa158b865b .av-special-heading-tag .heading-char{\nfont-size:25px;\n}\n.av-special-heading.av-kvr8jtao-68e2a3034cbc6f54eb0f2efa158b865b .special-heading-inner-border{\nborder-color:#3c3c3c;\n}\n.av-special-heading.av-kvr8jtao-68e2a3034cbc6f54eb0f2efa158b865b .av-subheading{\nfont-size:15px;\n}\n<\/style>\n<div  class='av-special-heading av-kvr8jtao-68e2a3034cbc6f54eb0f2efa158b865b av-special-heading-h1 custom-color-heading blockquote modern-quote modern-centered  avia-builder-el-2  avia-builder-el-no-sibling '><h1 class='av-special-heading-tag'  itemprop=\"headline\"  >BIG STOOL C2022<\/h1><div class='av_custom_color av-subheading av-subheading_below'><p>Armchairs &#8211; New Collection 2022<\/p>\n<\/div><div class=\"special-heading-border\"><div class=\"special-heading-inner-border\"><\/div><\/div><\/div>\n<\/div><\/div><\/div><!-- close content main div --><\/div><\/div><div id='av_section_2'  class='avia-section av-jmkfx7sk-d794cdae00d20581df95502e6730972c main_color avia-section-default avia-shadow  avia-builder-el-3  el_after_av_section  el_before_av_section  avia-bg-style-scroll container_wrap fullsize'  ><div class='container av-section-cont-open' ><div class='template-page content  av-content-full alpha units'><div class='post-entry post-entry-type-page post-entry-7933'><div class='entry-content-wrapper clearfix'>\n\n<style type=\"text\/css\" data-created_by=\"avia_inline_auto\" id=\"style-css-av-gxeyr-7a0e0d34cfe3b7c8ea3e49ff845e8776\">\n.flex_column.av-gxeyr-7a0e0d34cfe3b7c8ea3e49ff845e8776{\nborder-radius:0px 0px 0px 0px;\npadding:0px 0px 0px 0px;\n}\n<\/style>\n<div  class='flex_column av-gxeyr-7a0e0d34cfe3b7c8ea3e49ff845e8776 av_one_half  avia-builder-el-4  el_before_av_one_half  avia-builder-el-first  first flex_column_div av-zero-column-padding  '     ><p>\n<style type=\"text\/css\" data-created_by=\"avia_inline_auto\" id=\"style-css-av-jmkg1u58-19ad748368bea4cd778f94dcb05757d3\">\n#top .hr.hr-invisible.av-jmkg1u58-19ad748368bea4cd778f94dcb05757d3{\nheight:20px;\n}\n<\/style>\n<div  class='hr av-jmkg1u58-19ad748368bea4cd778f94dcb05757d3 hr-invisible  avia-builder-el-5  el_before_av_textblock  avia-builder-el-first '><span class='hr-inner '><span class=\"hr-inner-style\"><\/span><\/span><\/div><br \/>\n\n<style type=\"text\/css\" data-created_by=\"avia_inline_auto\" id=\"style-css-av-jmkf23pr-b5cddfb9563eef105dfa301311195833\">\n#top .av_textblock_section.av-jmkf23pr-b5cddfb9563eef105dfa301311195833 .avia_textblock{\ncolor:#4d4d4d;\n}\n<\/style>\n<section  class='av_textblock_section av-jmkf23pr-b5cddfb9563eef105dfa301311195833 '   itemscope=\"itemscope\" itemtype=\"https:\/\/schema.org\/CreativeWork\" ><div class='avia_textblock av_inherit_color'  itemprop=\"text\" ><h5 style=\"text-align: right;\">\u0388\u03bd\u03b1 \u03c3\u03c7\u03ad\u03b4\u03b9\u03bf \u03c0\u03bf\u03c5 \u03ba\u03b5\u03bd\u03c4\u03c1\u03af\u03b6\u03b5\u03b9 \u03c4\u03bf \u03b5\u03bd\u03b4\u03b9\u03b1\u03c6\u03ad\u03c1\u03bf\u03bd \u03ba\u03b1\u03b9 \u03c4\u03b1 \u03b2\u03bb\u03ad\u03bc\u03bc\u03b1\u03c4\u03b1. \u039c\u03af\u03b1 \u03c5\u03c0\u03ad\u03c1\u03bf\u03c7\u03b7 \u03c0\u03b9\u03bd\u03b5\u03bb\u03b9\u03ac, \u03b3\u03b9\u03b1 \u03ad\u03bd\u03b1 \u03c7\u03ce\u03c1\u03bf \u03c0\u03bf\u03c5 \u03b1\u03bd\u03b1\u03b6\u03b7\u03c4\u03ac \u03c4\u03cc\u03c3\u03bf \u03bc\u03b9\u03b1 \u03bc\u03bf\u03bd\u03b1\u03b4\u03b9\u03ba\u03ae \u03b1\u03b9\u03c3\u03b8\u03b7\u03c4\u03b9\u03ba\u03ae \u03c3\u03c7\u03b5\u03b4\u03b9\u03b1\u03c3\u03bc\u03bf\u03cd \u03cc\u03c3\u03bf \u03ba\u03b1\u03b9 \u03ad\u03bd\u03b1 \u03ad\u03be\u03c5\u03c0\u03bd\u03bf \u03c3\u03c7\u03ad\u03b4\u03b9\u03bf \u03c0\u03bf\u03c5 \u03bc\u03c0\u03bf\u03c1\u03b5\u03af \u03bd\u03b1 \u03b5\u03af\u03bd\u03b1\u03b9 \u03bb\u03b5\u03b9\u03c4\u03bf\u03c5\u03c1\u03b3\u03b9\u03ba\u03cc \u03c3\u03b5 \u03b4\u03b9\u03b1\u03c6\u03bf\u03c1\u03b5\u03c4\u03b9\u03ba\u03ac \u03b5\u03c0\u03af\u03c0\u03b5\u03b4\u03b1. \u039c\u03af\u03b1 \u03b4\u03c5\u03bd\u03b1\u03bc\u03b9\u03ba\u03ae pop \u03b1\u03bd\u03c4\u03af\u03b8\u03b5\u03c3\u03b7 \u03c7\u03c1\u03c9\u03bc\u03ac\u03c4\u03c9\u03bd \u03c0\u03c1\u03bf\u03c3\u03b8\u03ad\u03c4\u03b5\u03b9 \u03bf\u03c0\u03c4\u03b9\u03ba\u03cc \u03b5\u03bd\u03b4\u03b9\u03b1\u03c6\u03ad\u03c1\u03bf\u03bd, \u03b5\u03bd\u03ce \u03bc\u03af\u03b1 \u03b1\u03c5\u03c3\u03c4\u03b7\u03c1\u03ac \u03bc\u03bf\u03bd\u03cc\u03c7\u03c1\u03c9\u03bc\u03b7 \u03b5\u03c0\u03b9\u03bb\u03bf\u03b3\u03ae \u03bc\u03c0\u03bf\u03c1\u03b5\u03af \u03bd\u03b1 \u03b1\u03bd\u03b1\u03b4\u03b5\u03af\u03be\u03b5\u03b9 \u03ad\u03bd\u03b1 \u03c3\u03c7\u03ad\u03b4\u03b9\u03bf \u03bc\u03b5 \u03be\u03b5\u03c7\u03c9\u03c1\u03b9\u03c3\u03c4\u03ae \u03c0\u03c1\u03bf\u03c3\u03c9\u03c0\u03b9\u03ba\u03cc\u03c4\u03b7\u03c4\u03b1 \u03ba\u03b1\u03b9 \u03bd\u03b1 \u03b4\u03b7\u03bc\u03b9\u03bf\u03c5\u03c1\u03b3\u03ae\u03c3\u03b5\u03b9 \u03b2\u03ac\u03b8\u03bf\u03c2 \u03ba\u03b1\u03b9 \u03b3\u03b1\u03bb\u03ae\u03bd\u03b9\u03b1 \u03b1\u03c4\u03bc\u03cc\u03c3\u03c6\u03b1\u03b9\u03c1\u03b1.<\/h5>\n<\/div><\/section><br \/>\n<div  class='hr av-jmkeqlis-60f2e70023e2a6ddca1b80370c030fd8 hr-short  avia-builder-el-7  el_after_av_textblock  el_before_av_textblock  hr-right'><span class='hr-inner '><span class=\"hr-inner-style\"><\/span><\/span><\/div><br \/>\n\n<style type=\"text\/css\" data-created_by=\"avia_inline_auto\" id=\"style-css-av-jmkf9qz7-caf65578a72f2c2cf698a9fa33448e14\">\n#top .av_textblock_section.av-jmkf9qz7-caf65578a72f2c2cf698a9fa33448e14 .avia_textblock{\nfont-size:14px;\n}\n<\/style>\n<section  class='av_textblock_section av-jmkf9qz7-caf65578a72f2c2cf698a9fa33448e14 '   itemscope=\"itemscope\" itemtype=\"https:\/\/schema.org\/CreativeWork\" ><div class='avia_textblock'  itemprop=\"text\" ><p style=\"text-align: right;\">\u03a3\u03ba\u03b5\u03bb\u03b5\u03c4\u03cc\u03c2 \u03ba\u03b1\u03c4\u03b1\u03c3\u03ba\u03b5\u03c5\u03b1\u03c3\u03bc\u03ad\u03bd\u03bf\u03c2 \u03b1\u03c0\u03cc \u03c6\u03bf\u03c5\u03c1\u03bd\u03b9\u03c3\u03c4\u03ae \u03bf\u03be\u03b9\u03ac<br \/>\n\u0391\u03c6\u03b1\u03b9\u03c1\u03bf\u03cd\u03bc\u03b5\u03bd\u03bf \u03ba\u03ac\u03bb\u03c5\u03bc\u03bc\u03b1 \u03c3\u03b5 \u03c3\u03ce\u03bc\u03b1, \u03bc\u03b5\u03c4\u03b1\u03ba\u03b9\u03bd\u03bf\u03cd\u03bc\u03b5\u03bd\u03b7 \u03c0\u03bb\u03ac\u03c4\u03b7 \u03ba\u03b1\u03b9 \u03bc\u03b1\u03be\u03b9\u03bb\u03ac\u03c1\u03b9<br \/>\n\u039c\u03b1\u03be\u03b9\u03bb\u03ac\u03c1\u03b9 \u03ba\u03b1\u03b8\u03af\u03c3\u03bc\u03b1\u03c4\u03bf\u03c2 \u03ba\u03b1\u03c4\u03b1\u03c3\u03ba\u03b5\u03c5\u03b1\u03c3\u03bc\u03ad\u03bd\u03bf \u03b1\u03c0\u03cc \u03c5\u03c8\u03b7\u03bb\u03ae\u03c2 \u03c0\u03bf\u03b9\u03cc\u03c4\u03b7\u03c4\u03b1\u03c2 \u03b1\u03c6\u03c1\u03ce\u03b4\u03b7. \u0395\u03c0\u03b9\u03ba\u03ac\u03bb\u03c5\u03c8\u03b7 \u03bc\u03b5 \u03c5\u03c0\u03bf\u03b1\u03bb\u03bb\u03b5\u03c1\u03b3\u03b9\u03ba\u03cc \u03c5\u03bb\u03b9\u03ba\u03cc \u03bc\u03b5 \u03b5\u03c0\u03b9\u03c0\u03bb\u03ad\u03bf\u03bd \u03b2\u03b1\u03bc\u03b2\u03b1\u03ba\u03b5\u03c1\u03cc \u03ba\u03ac\u03bb\u03c5\u03bc\u03bc\u03b1<br \/>\n\u039c\u03b5\u03c4\u03b1\u03ba\u03b9\u03bd\u03bf\u03cd\u03bc\u03b5\u03bd\u03b7 \u03c0\u03bb\u03ac\u03c4\u03b7 \u03bc\u03b5 \u03bc\u03b1\u03be\u03b9\u03bb\u03ac\u03c1\u03b9 \u03ba\u03b1\u03c4\u03b1\u03c3\u03ba\u03b5\u03c5\u03b1\u03c3\u03bc\u03ad\u03bd\u03bf \u03b1\u03c0\u03cc \u03b2\u03b1\u03bc\u03b2\u03b1\u03ba\u03b5\u03c1\u03cc \u03c0\u03bf\u03c5\u03c0\u03bf\u03c5\u03bb\u03cc\u03c0\u03b1\u03bd\u03bf \u0391\u2019 \u03c0\u03bf\u03b9\u03cc\u03c4\u03b7\u03c4\u03b1\u03c2, \u03bc\u03b5 \u03b3\u03ad\u03bc\u03b9\u03c3\u03b7 \u03c0\u03bf\u03cd\u03c0\u03bf\u03c5\u03bb\u03bf\u03c5 \u03ba\u03b1\u03b9 \u03b1\u03bd\u03c4\u03b9\u03b1\u03bb\u03bb\u03b5\u03c1\u03b3\u03b9\u03ba\u03bf\u03cd \u03c0\u03bf\u03bb\u03c5\u03b5\u03c3\u03c4\u03ad\u03c1\u03b1 \u03bc\u03b5 \u03c0\u03b1\u03c1\u03b8\u03ad\u03bd\u03b1 \u03c0\u03c1\u03ce\u03c4\u03b7 \u03cd\u03bb\u03b7 \u03ba\u03b1\u03b9 \u03c4\u03c1\u03b9\u03c0\u03bb\u03ae \u03b4\u03b9\u03b1\u03bc\u03b5\u03c1\u03b9\u03c3\u03bc\u03b1\u03c4\u03bf\u03c0\u03bf\u03af\u03b7\u03c3\u03b7<br \/>\n\u0394\u03c5\u03bd\u03b1\u03c4\u03cc\u03c4\u03b7\u03c4\u03b1 \u03bc\u03b5\u03c4\u03b1\u03b2\u03bf\u03bb\u03ae\u03c2 \u03b4\u03b9\u03b1\u03c3\u03c4\u03ac\u03c3\u03b5\u03c9\u03bd<\/p>\n<\/div><\/section><\/p><\/div>\n<style type=\"text\/css\" data-created_by=\"avia_inline_auto\" id=\"style-css-av-74323-2bb53eefdf3b85e112fb83eea1b42e42\">\n.flex_column.av-74323-2bb53eefdf3b85e112fb83eea1b42e42{\nborder-radius:0px 0px 0px 0px;\npadding:0px 0px 0px 0px;\n}\n<\/style>\n<div  class='flex_column av-74323-2bb53eefdf3b85e112fb83eea1b42e42 av_one_half  avia-builder-el-9  el_after_av_one_half  avia-builder-el-last  flex_column_div av-zero-column-padding  '     ><p>\n<style type=\"text\/css\" data-created_by=\"avia_inline_auto\" id=\"style-css-av-jmkg1u58-19ad748368bea4cd778f94dcb05757d3\">\n#top .hr.hr-invisible.av-jmkg1u58-19ad748368bea4cd778f94dcb05757d3{\nheight:20px;\n}\n<\/style>\n<div  class='hr av-jmkg1u58-19ad748368bea4cd778f94dcb05757d3 hr-invisible  avia-builder-el-10  el_before_av_textblock  avia-builder-el-first '><span class='hr-inner '><span class=\"hr-inner-style\"><\/span><\/span><\/div><br \/>\n\n<style type=\"text\/css\" data-created_by=\"avia_inline_auto\" id=\"style-css-av-jmkf23pr-b5cddfb9563eef105dfa301311195833\">\n#top .av_textblock_section.av-jmkf23pr-b5cddfb9563eef105dfa301311195833 .avia_textblock{\ncolor:#4d4d4d;\n}\n<\/style>\n<section  class='av_textblock_section av-jmkf23pr-b5cddfb9563eef105dfa301311195833 '   itemscope=\"itemscope\" itemtype=\"https:\/\/schema.org\/CreativeWork\" ><div class='avia_textblock av_inherit_color'  itemprop=\"text\" ><h5 style=\"text-align: left;\">A design that catches the eye and draw attention. It is a great touch for a space that seeks both a unique design aesthetic and a smart piece that can be functional at different levels. A strong pop of contrasting colors adds visual interest while a strictly monochromatic choice can highlight a design with a distinct personality and create depth, and a serene atmosphere.<\/h5>\n<\/div><\/section><br \/>\n<div  class='hr av-jmkeqlis-00580f0672a1a572a73d2a8009d58deb hr-short  avia-builder-el-12  el_after_av_textblock  el_before_av_textblock  hr-left'><span class='hr-inner '><span class=\"hr-inner-style\"><\/span><\/span><\/div><br \/>\n\n<style type=\"text\/css\" data-created_by=\"avia_inline_auto\" id=\"style-css-av-jmkf9qz7-caf65578a72f2c2cf698a9fa33448e14\">\n#top .av_textblock_section.av-jmkf9qz7-caf65578a72f2c2cf698a9fa33448e14 .avia_textblock{\nfont-size:14px;\n}\n<\/style>\n<section  class='av_textblock_section av-jmkf9qz7-caf65578a72f2c2cf698a9fa33448e14 '   itemscope=\"itemscope\" itemtype=\"https:\/\/schema.org\/CreativeWork\" ><div class='avia_textblock'  itemprop=\"text\" ><p style=\"text-align: left;\">Beech wood frame<br \/>\nRemovable main body, backrest and cushion covers<br \/>\nSeating cushion made of high quality foaming. Hypoallergenic dacron and extra cotton upholstery<br \/>\nHigh quality feather fabric back cushions in a triple compartmentalization, stuffed with feathers, hypoallergenic polyester of pure materials<br \/>\nMovable backrest covered with high quality foaming<br \/>\nCustom dimensions available<\/p>\n<\/div><\/section><\/p><\/div>\n<\/p>\n<\/div><\/div><\/div><!-- close content main div --><\/div><\/div><div id='av_section_3'  class='avia-section av-jmkfx7sk-d794cdae00d20581df95502e6730972c main_color avia-section-default avia-shadow  avia-builder-el-14  el_after_av_section  avia-builder-el-last  avia-bg-style-scroll container_wrap fullsize'  ><div class='container av-section-cont-open' ><div class='template-page content  av-content-full alpha units'><div class='post-entry post-entry-type-page post-entry-7933'><div class='entry-content-wrapper clearfix'>\n\n<style type=\"text\/css\" data-created_by=\"avia_inline_auto\" id=\"style-css-av-gxeyr-7a0e0d34cfe3b7c8ea3e49ff845e8776\">\n.flex_column.av-gxeyr-7a0e0d34cfe3b7c8ea3e49ff845e8776{\nborder-radius:0px 0px 0px 0px;\npadding:0px 0px 0px 0px;\n}\n<\/style>\n<div  class='flex_column av-gxeyr-7a0e0d34cfe3b7c8ea3e49ff845e8776 av_one_half  avia-builder-el-15  el_before_av_one_half  avia-builder-el-first  first flex_column_div av-zero-column-padding  '     ><style type=\"text\/css\" data-created_by=\"avia_inline_auto\" id=\"style-css-av-jmyngqi3-abeaf98e16999c245b03719c83793740\">\n#top .avia-gallery.av-jmyngqi3-abeaf98e16999c245b03719c83793740 .avia-gallery-thumb a{\nwidth:100%;\n}\n<\/style>\n<div  class='avia-gallery av-jmyngqi3-abeaf98e16999c245b03719c83793740 avia_animate_when_visible  avia-builder-el-16  avia-builder-el-no-sibling  avia_lazyload avia-gallery-animate avia-gallery-1'  itemprop=\"image\" itemscope=\"itemscope\" itemtype=\"https:\/\/schema.org\/ImageObject\" ><meta itemprop=\"contentURL\" content=\"https:\/\/dafi-dafi.gr\/en\/big-stool-c2022\/\"><div class='avia-gallery-thumb'><a href=\"https:\/\/dafi-dafi.gr\/wp-content\/uploads\/2021\/10\/BIG-STOOL-C2022.jpg\" data-srcset=\"https:\/\/dafi-dafi.gr\/wp-content\/uploads\/2021\/10\/BIG-STOOL-C2022.jpg 1000w, https:\/\/dafi-dafi.gr\/wp-content\/uploads\/2021\/10\/BIG-STOOL-C2022-300x210.jpg 300w, https:\/\/dafi-dafi.gr\/wp-content\/uploads\/2021\/10\/BIG-STOOL-C2022-768x538.jpg 768w, https:\/\/dafi-dafi.gr\/wp-content\/uploads\/2021\/10\/BIG-STOOL-C2022-705x494.jpg 705w\" data-sizes=\"(max-width: 1000px) 100vw, 1000px\" data-rel='gallery-1' data-prev-img='https:\/\/dafi-dafi.gr\/wp-content\/uploads\/2021\/10\/BIG-STOOL-C2022-495x400.jpg' class='first_thumb lightbox ' data-onclick='1' title=''  itemprop=\"thumbnailUrl\"  ><img decoding=\"async\" fetchpriority=\"high\" class=\"wp-image-7796 avia-img-lazy-loading-not-7796\"   src=\"https:\/\/dafi-dafi.gr\/wp-content\/uploads\/2021\/10\/BIG-STOOL-C2022-495x400.jpg\" width=\"495\" height=\"400\"  title='' alt='' srcset=\"https:\/\/dafi-dafi.gr\/wp-content\/uploads\/2021\/10\/BIG-STOOL-C2022-495x400.jpg 495w, https:\/\/dafi-dafi.gr\/wp-content\/uploads\/2021\/10\/BIG-STOOL-C2022-845x684.jpg 845w\" sizes=\"(max-width: 495px) 100vw, 495px\" \/><div class='big-prev-fake'><img decoding=\"async\" loading=\"lazy\" class=\"wp-image-7796 avia-img-lazy-loading-7796\"  width=\"495\" height=\"400\" src=\"https:\/\/dafi-dafi.gr\/wp-content\/uploads\/2021\/10\/BIG-STOOL-C2022-495x400.jpg\" title='' alt='' srcset=\"https:\/\/dafi-dafi.gr\/wp-content\/uploads\/2021\/10\/BIG-STOOL-C2022-495x400.jpg 495w, https:\/\/dafi-dafi.gr\/wp-content\/uploads\/2021\/10\/BIG-STOOL-C2022-845x684.jpg 845w\" sizes=\"auto, (max-width: 495px) 100vw, 495px\" \/><\/div><\/a><\/div><\/div><\/div>\n<style type=\"text\/css\" data-created_by=\"avia_inline_auto\" id=\"style-css-av-74323-2bb53eefdf3b85e112fb83eea1b42e42\">\n.flex_column.av-74323-2bb53eefdf3b85e112fb83eea1b42e42{\nborder-radius:0px 0px 0px 0px;\npadding:0px 0px 0px 0px;\n}\n<\/style>\n<div  class='flex_column av-74323-2bb53eefdf3b85e112fb83eea1b42e42 av_one_half  avia-builder-el-17  el_after_av_one_half  avia-builder-el-last  flex_column_div av-zero-column-padding  '     ><p>\n<style type=\"text\/css\" data-created_by=\"avia_inline_auto\" id=\"style-css-av-jmkg1u58-19ad748368bea4cd778f94dcb05757d3\">\n#top .hr.hr-invisible.av-jmkg1u58-19ad748368bea4cd778f94dcb05757d3{\nheight:20px;\n}\n<\/style>\n<div  class='hr av-jmkg1u58-19ad748368bea4cd778f94dcb05757d3 hr-invisible  avia-builder-el-18  el_before_av_textblock  avia-builder-el-first '><span class='hr-inner '><span class=\"hr-inner-style\"><\/span><\/span><\/div><br \/>\n\n<style type=\"text\/css\" data-created_by=\"avia_inline_auto\" id=\"style-css-av-jmkf23pr-b5cddfb9563eef105dfa301311195833\">\n#top .av_textblock_section.av-jmkf23pr-b5cddfb9563eef105dfa301311195833 .avia_textblock{\ncolor:#4d4d4d;\n}\n<\/style>\n<section  class='av_textblock_section av-jmkf23pr-b5cddfb9563eef105dfa301311195833 '   itemscope=\"itemscope\" itemtype=\"https:\/\/schema.org\/CreativeWork\" ><div class='avia_textblock av_inherit_color'  itemprop=\"text\" ><h5 style=\"text-align: left;\">Tabouret BIG STOOL<\/h5>\n<\/div><\/section><br \/>\n<div  class='hr av-jmkeqlis-00580f0672a1a572a73d2a8009d58deb hr-short  avia-builder-el-20  el_after_av_textblock  el_before_av_textblock  hr-left'><span class='hr-inner '><span class=\"hr-inner-style\"><\/span><\/span><\/div><br \/>\n\n<style type=\"text\/css\" data-created_by=\"avia_inline_auto\" id=\"style-css-av-jmkf9qz7-caf65578a72f2c2cf698a9fa33448e14\">\n#top .av_textblock_section.av-jmkf9qz7-caf65578a72f2c2cf698a9fa33448e14 .avia_textblock{\nfont-size:14px;\n}\n<\/style>\n<section  class='av_textblock_section av-jmkf9qz7-caf65578a72f2c2cf698a9fa33448e14 '   itemscope=\"itemscope\" itemtype=\"https:\/\/schema.org\/CreativeWork\" ><div class='avia_textblock'  itemprop=\"text\" ><p style=\"text-align: left;\">Cadre interne en h\u00eatre<br \/>\nCanap\u00e9, dossier et coussins d\u00e9houssables<br \/>\nCoussins de si\u00e8ge, rembourr\u00e9s avec une mousse de haute qualit\u00e9. Housse interne en dacron hypoallerg\u00e9nique, housse externe suppl\u00e9mentaire en coton<br \/>\nCoussins amovibles pour dossier \u00e0 trois compartiments rembourr\u00e9s de plumes et de polyester hypoallerg\u00e9nique contenant des mati\u00e8res premi\u00e8res vierges<br \/>\nDimensions sur mesure disponibles<\/p>\n<\/div><\/section><\/p><\/div>\n\n","protected":false},"excerpt":{"rendered":"","protected":false},"author":1,"featured_media":0,"parent":0,"menu_order":0,"comment_status":"closed","ping_status":"closed","template":"","meta":{"footnotes":""},"class_list":["post-7933","page","type-page","status-publish","hentry"],"yoast_head":"<!-- This site is optimized with the Yoast SEO plugin v27.4 - https:\/\/yoast.com\/product\/yoast-seo-wordpress\/ -->\n<title>BIG STOOL C2022 - Dafi<\/title>\n<meta name=\"robots\" content=\"index, follow, max-snippet:-1, max-image-preview:large, max-video-preview:-1\" \/>\n<link rel=\"canonical\" href=\"https:\/\/dafi-dafi.gr\/en\/big-stool-c2022\/\" \/>\n<meta property=\"og:locale\" content=\"en_US\" \/>\n<meta property=\"og:type\" content=\"article\" \/>\n<meta property=\"og:title\" content=\"BIG STOOL C2022 - Dafi\" \/>\n<meta property=\"og:url\" content=\"https:\/\/dafi-dafi.gr\/en\/big-stool-c2022\/\" \/>\n<meta property=\"og:site_name\" content=\"Dafi\" \/>\n<meta property=\"article:publisher\" content=\"https:\/\/www.facebook.com\/dafidafi.gr\/\" \/>\n<meta name=\"twitter:card\" content=\"summary_large_image\" \/>\n<meta name=\"twitter:label1\" content=\"Est. reading time\" \/>\n\t<meta name=\"twitter:data1\" content=\"4 minutes\" \/>\n<script type=\"application\/ld+json\" class=\"yoast-schema-graph\">{\"@context\":\"https:\\\/\\\/schema.org\",\"@graph\":[{\"@type\":\"WebPage\",\"@id\":\"https:\\\/\\\/dafi-dafi.gr\\\/en\\\/big-stool-c2022\\\/\",\"url\":\"https:\\\/\\\/dafi-dafi.gr\\\/en\\\/big-stool-c2022\\\/\",\"name\":\"BIG STOOL C2022 - Dafi\",\"isPartOf\":{\"@id\":\"https:\\\/\\\/dafi-dafi.gr\\\/#website\"},\"datePublished\":\"2021-11-08T22:28:01+00:00\",\"breadcrumb\":{\"@id\":\"https:\\\/\\\/dafi-dafi.gr\\\/en\\\/big-stool-c2022\\\/#breadcrumb\"},\"inLanguage\":\"en-US\",\"potentialAction\":[{\"@type\":\"ReadAction\",\"target\":[\"https:\\\/\\\/dafi-dafi.gr\\\/en\\\/big-stool-c2022\\\/\"]}]},{\"@type\":\"BreadcrumbList\",\"@id\":\"https:\\\/\\\/dafi-dafi.gr\\\/en\\\/big-stool-c2022\\\/#breadcrumb\",\"itemListElement\":[{\"@type\":\"ListItem\",\"position\":1,\"name\":\"Home\",\"item\":\"https:\\\/\\\/dafi-dafi.gr\\\/en\\\/dafi-dafi-home\\\/\"},{\"@type\":\"ListItem\",\"position\":2,\"name\":\"BIG STOOL C2022\"}]},{\"@type\":\"WebSite\",\"@id\":\"https:\\\/\\\/dafi-dafi.gr\\\/#website\",\"url\":\"https:\\\/\\\/dafi-dafi.gr\\\/\",\"name\":\"Dafi\",\"description\":\"\u0388&pi;&iota;&pi;&lambda;&alpha;\",\"publisher\":{\"@id\":\"https:\\\/\\\/dafi-dafi.gr\\\/#organization\"},\"potentialAction\":[{\"@type\":\"SearchAction\",\"target\":{\"@type\":\"EntryPoint\",\"urlTemplate\":\"https:\\\/\\\/dafi-dafi.gr\\\/?s={search_term_string}\"},\"query-input\":{\"@type\":\"PropertyValueSpecification\",\"valueRequired\":true,\"valueName\":\"search_term_string\"}}],\"inLanguage\":\"en-US\"},{\"@type\":\"Organization\",\"@id\":\"https:\\\/\\\/dafi-dafi.gr\\\/#organization\",\"name\":\"Dafi\",\"url\":\"https:\\\/\\\/dafi-dafi.gr\\\/\",\"logo\":{\"@type\":\"ImageObject\",\"inLanguage\":\"en-US\",\"@id\":\"https:\\\/\\\/dafi-dafi.gr\\\/#\\\/schema\\\/logo\\\/image\\\/\",\"url\":\"https:\\\/\\\/dafi-dafi.gr\\\/wp-content\\\/uploads\\\/2018\\\/05\\\/logo.png\",\"contentUrl\":\"https:\\\/\\\/dafi-dafi.gr\\\/wp-content\\\/uploads\\\/2018\\\/05\\\/logo.png\",\"width\":300,\"height\":94,\"caption\":\"Dafi\"},\"image\":{\"@id\":\"https:\\\/\\\/dafi-dafi.gr\\\/#\\\/schema\\\/logo\\\/image\\\/\"},\"sameAs\":[\"https:\\\/\\\/www.facebook.com\\\/dafidafi.gr\\\/\",\"https:\\\/\\\/www.instagram.com\\\/dafi__dafi\\\/\"]}]}<\/script>\n<!-- \/ Yoast SEO plugin. -->","yoast_head_json":{"title":"BIG STOOL C2022 - Dafi","robots":{"index":"index","follow":"follow","max-snippet":"max-snippet:-1","max-image-preview":"max-image-preview:large","max-video-preview":"max-video-preview:-1"},"canonical":"https:\/\/dafi-dafi.gr\/en\/big-stool-c2022\/","og_locale":"en_US","og_type":"article","og_title":"BIG STOOL C2022 - Dafi","og_url":"https:\/\/dafi-dafi.gr\/en\/big-stool-c2022\/","og_site_name":"Dafi","article_publisher":"https:\/\/www.facebook.com\/dafidafi.gr\/","twitter_card":"summary_large_image","twitter_misc":{"Est. reading time":"4 minutes"},"schema":{"@context":"https:\/\/schema.org","@graph":[{"@type":"WebPage","@id":"https:\/\/dafi-dafi.gr\/en\/big-stool-c2022\/","url":"https:\/\/dafi-dafi.gr\/en\/big-stool-c2022\/","name":"BIG STOOL C2022 - Dafi","isPartOf":{"@id":"https:\/\/dafi-dafi.gr\/#website"},"datePublished":"2021-11-08T22:28:01+00:00","breadcrumb":{"@id":"https:\/\/dafi-dafi.gr\/en\/big-stool-c2022\/#breadcrumb"},"inLanguage":"en-US","potentialAction":[{"@type":"ReadAction","target":["https:\/\/dafi-dafi.gr\/en\/big-stool-c2022\/"]}]},{"@type":"BreadcrumbList","@id":"https:\/\/dafi-dafi.gr\/en\/big-stool-c2022\/#breadcrumb","itemListElement":[{"@type":"ListItem","position":1,"name":"Home","item":"https:\/\/dafi-dafi.gr\/en\/dafi-dafi-home\/"},{"@type":"ListItem","position":2,"name":"BIG STOOL C2022"}]},{"@type":"WebSite","@id":"https:\/\/dafi-dafi.gr\/#website","url":"https:\/\/dafi-dafi.gr\/","name":"Dafi","description":"\u0388&pi;&iota;&pi;&lambda;&alpha;","publisher":{"@id":"https:\/\/dafi-dafi.gr\/#organization"},"potentialAction":[{"@type":"SearchAction","target":{"@type":"EntryPoint","urlTemplate":"https:\/\/dafi-dafi.gr\/?s={search_term_string}"},"query-input":{"@type":"PropertyValueSpecification","valueRequired":true,"valueName":"search_term_string"}}],"inLanguage":"en-US"},{"@type":"Organization","@id":"https:\/\/dafi-dafi.gr\/#organization","name":"Dafi","url":"https:\/\/dafi-dafi.gr\/","logo":{"@type":"ImageObject","inLanguage":"en-US","@id":"https:\/\/dafi-dafi.gr\/#\/schema\/logo\/image\/","url":"https:\/\/dafi-dafi.gr\/wp-content\/uploads\/2018\/05\/logo.png","contentUrl":"https:\/\/dafi-dafi.gr\/wp-content\/uploads\/2018\/05\/logo.png","width":300,"height":94,"caption":"Dafi"},"image":{"@id":"https:\/\/dafi-dafi.gr\/#\/schema\/logo\/image\/"},"sameAs":["https:\/\/www.facebook.com\/dafidafi.gr\/","https:\/\/www.instagram.com\/dafi__dafi\/"]}]}},"_links":{"self":[{"href":"https:\/\/dafi-dafi.gr\/en\/wp-json\/wp\/v2\/pages\/7933","targetHints":{"allow":["GET"]}}],"collection":[{"href":"https:\/\/dafi-dafi.gr\/en\/wp-json\/wp\/v2\/pages"}],"about":[{"href":"https:\/\/dafi-dafi.gr\/en\/wp-json\/wp\/v2\/types\/page"}],"author":[{"embeddable":true,"href":"https:\/\/dafi-dafi.gr\/en\/wp-json\/wp\/v2\/users\/1"}],"replies":[{"embeddable":true,"href":"https:\/\/dafi-dafi.gr\/en\/wp-json\/wp\/v2\/comments?post=7933"}],"version-history":[{"count":2,"href":"https:\/\/dafi-dafi.gr\/en\/wp-json\/wp\/v2\/pages\/7933\/revisions"}],"predecessor-version":[{"id":7936,"href":"https:\/\/dafi-dafi.gr\/en\/wp-json\/wp\/v2\/pages\/7933\/revisions\/7936"}],"wp:attachment":[{"href":"https:\/\/dafi-dafi.gr\/en\/wp-json\/wp\/v2\/media?parent=7933"}],"curies":[{"name":"wp","href":"https:\/\/api.w.org\/{rel}","templated":true}]}}