{"id":3864,"date":"2018-11-22T15:44:54","date_gmt":"2018-11-22T15:44:54","guid":{"rendered":"https:\/\/dafi-dafi.gr\/?page_id=3864"},"modified":"2018-11-22T15:45:21","modified_gmt":"2018-11-22T15:45:21","slug":"nirvana-bed","status":"publish","type":"page","link":"https:\/\/dafi-dafi.gr\/en\/new-collection-2019\/nirvana-bed\/","title":{"rendered":"Nirvana Bed"},"content":{"rendered":"<div   class='avia-fullscreen-slider main_color   avia-builder-el-0  el_before_av_section  avia-builder-el-first  container_wrap fullsize'  ><div  class='avia-slideshow av-jmyohguo-f0fdd590624cf010c6421d2003b18bdb avia-slideshow-no scaling av_fullscreen avia-slide-slider av-slideshow-ui av-control-default av-slideshow-manual av-loop-once av-loop-manual-endless av-default-height-applied   avia-slideshow-1' data-slideshow-options=\"{&quot;animation&quot;:&quot;slide&quot;,&quot;autoplay&quot;:false,&quot;loop_autoplay&quot;:&quot;once&quot;,&quot;interval&quot;:5,&quot;loop_manual&quot;:&quot;manual-endless&quot;,&quot;autoplay_stopper&quot;:false,&quot;noNavigation&quot;:false,&quot;bg_slider&quot;:true,&quot;keep_padding&quot;:false,&quot;hoverpause&quot;:false,&quot;show_slide_delay&quot;:0,&quot;slide_height&quot;:&quot;100&quot;,&quot;image_attachment&quot;:&quot;&quot;}\"  itemprop=\"image\" itemscope=\"itemscope\" itemtype=\"https:\/\/schema.org\/ImageObject\" ><ul class='avia-slideshow-inner ' style='padding-bottom: 66.666666666667%;'><li style='background-position:center center;' data-img-url='https:\/\/dafi-dafi.gr\/wp-content\/uploads\/2018\/10\/nirvana-2.jpg' class='avia-slideshow-slide av-jmyohguo-f0fdd590624cf010c6421d2003b18bdb__0  av-single-slide slide-1 slide-odd'><div data-rel='slideshow-1' class='avia-slide-wrap '   ><\/div><\/li><\/ul><\/div><\/div>\n\n<style type=\"text\/css\" data-created_by=\"avia_inline_auto\" id=\"style-css-av-jmkfhe3m-bc6646ca5371501ea4427c7b2aeddc57\">\n.avia-section.av-jmkfhe3m-bc6646ca5371501ea4427c7b2aeddc57{\nbackground-color:#f7f7f7;\nbackground-image:unset;\n}\n<\/style>\n<div id='av_section_1'  class='avia-section av-jmkfhe3m-bc6646ca5371501ea4427c7b2aeddc57 main_color avia-section-default avia-no-border-styling  avia-builder-el-1  el_after_av_fullscreen  el_before_av_section  avia-bg-style-scroll container_wrap fullsize'  ><div class='container av-section-cont-open' ><div class='template-page content  av-content-full alpha units'><div class='post-entry post-entry-type-page post-entry-3864'><div class='entry-content-wrapper clearfix'>\n\n<style type=\"text\/css\" data-created_by=\"avia_inline_auto\" id=\"style-css-av-josrq84b-cee9caab40e757a8a9a8cff144dbcea3\">\n#top .av-special-heading.av-josrq84b-cee9caab40e757a8a9a8cff144dbcea3{\npadding-bottom:10px;\ncolor:#3c3c3c;\n}\nbody .av-special-heading.av-josrq84b-cee9caab40e757a8a9a8cff144dbcea3 .av-special-heading-tag .heading-char{\nfont-size:25px;\n}\n.av-special-heading.av-josrq84b-cee9caab40e757a8a9a8cff144dbcea3 .special-heading-inner-border{\nborder-color:#3c3c3c;\n}\n.av-special-heading.av-josrq84b-cee9caab40e757a8a9a8cff144dbcea3 .av-subheading{\nfont-size:15px;\n}\n<\/style>\n<div  class='av-special-heading av-josrq84b-cee9caab40e757a8a9a8cff144dbcea3 av-special-heading-h1 custom-color-heading blockquote modern-quote modern-centered  avia-builder-el-2  avia-builder-el-no-sibling '><h1 class='av-special-heading-tag'  itemprop=\"headline\"  >NIRVANA BED<\/h1><div class='av_custom_color av-subheading av-subheading_below'><p>Beds &#8211; New Collection 2019<\/p>\n<\/div><div class=\"special-heading-border\"><div class=\"special-heading-inner-border\"><\/div><\/div><\/div>\n<\/div><\/div><\/div><!-- close content main div --><\/div><\/div><div id='av_section_2'  class='avia-section av-jmkfx7sk-d794cdae00d20581df95502e6730972c main_color avia-section-default avia-shadow  avia-builder-el-3  el_after_av_section  el_before_av_section  avia-bg-style-scroll container_wrap fullsize'  ><div class='container av-section-cont-open' ><div class='template-page content  av-content-full alpha units'><div class='post-entry post-entry-type-page post-entry-3864'><div class='entry-content-wrapper clearfix'>\n\n<style type=\"text\/css\" data-created_by=\"avia_inline_auto\" id=\"style-css-av-gxeyr-7a0e0d34cfe3b7c8ea3e49ff845e8776\">\n.flex_column.av-gxeyr-7a0e0d34cfe3b7c8ea3e49ff845e8776{\nborder-radius:0px 0px 0px 0px;\npadding:0px 0px 0px 0px;\n}\n<\/style>\n<div  class='flex_column av-gxeyr-7a0e0d34cfe3b7c8ea3e49ff845e8776 av_one_half  avia-builder-el-4  el_before_av_one_half  avia-builder-el-first  first flex_column_div av-zero-column-padding  '     ><p>\n<style type=\"text\/css\" data-created_by=\"avia_inline_auto\" id=\"style-css-av-jmkg1u58-19ad748368bea4cd778f94dcb05757d3\">\n#top .hr.hr-invisible.av-jmkg1u58-19ad748368bea4cd778f94dcb05757d3{\nheight:20px;\n}\n<\/style>\n<div  class='hr av-jmkg1u58-19ad748368bea4cd778f94dcb05757d3 hr-invisible  avia-builder-el-5  el_before_av_textblock  avia-builder-el-first '><span class='hr-inner '><span class=\"hr-inner-style\"><\/span><\/span><\/div><br \/>\n\n<style type=\"text\/css\" data-created_by=\"avia_inline_auto\" id=\"style-css-av-jmkf23pr-a3b8167ef3d3c4d8ceec8b0fc5c14f3e\">\n#top .av_textblock_section.av-jmkf23pr-a3b8167ef3d3c4d8ceec8b0fc5c14f3e .avia_textblock{\ncolor:#4d4d4d;\n}\n<\/style>\n<section  class='av_textblock_section av-jmkf23pr-a3b8167ef3d3c4d8ceec8b0fc5c14f3e '   itemscope=\"itemscope\" itemtype=\"https:\/\/schema.org\/CreativeWork\" ><div class='avia_textblock av_inherit_color'  itemprop=\"text\" ><h5 style=\"text-align: right;\">\u0399\u03b4\u03b9\u03b1\u03af\u03c4\u03b5\u03c1\u03bf \u03c3\u03c7\u03ad\u03b4\u03b9\u03bf \u03ba\u03b1\u03b9 \u03c4\u03bf \u03c6\u03c9\u03bd\u03ac\u03b6\u03b5\u03b9. \u039a\u03ac\u03b8\u03b5 \u03c4\u03bf\u03c5 \u03b5\u03ba\u03b1\u03c4\u03bf\u03c3\u03c4\u03cc \u03b5\u03af\u03bd\u03b1\u03b9 \u03be\u03b5\u03c7\u03c9\u03c1\u03b9\u03c3\u03c4\u03cc. \u0394\u03b5\u03bd \u03b1\u03ba\u03bf\u03bb\u03bf\u03c5\u03b8\u03b5\u03af \u03c0\u03bf\u03c5\u03b8\u03b5\u03bd\u03ac \u03c4\u03b7\u03bd \u03c0\u03b5\u03c0\u03b1\u03c4\u03b7\u03bc\u03ad\u03bd\u03b7 \u03b1\u03c6\u03bf\u03cd \u03c4\u03bf\u03bd \u03b1\u03c5\u03c3\u03c4\u03b7\u03c1\u03ac \u03c4\u03c1\u03b1\u03c0\u03b5\u03b6\u03bf\u03b5\u03b9\u03b4\u03ae \u03c3\u03c7\u03b5\u03b4\u03b9\u03b1\u03c3\u03bc\u03cc \u03c4\u03bf\u03c5, \u03ba\u03bf\u03c1\u03bf\u03ca\u03b4\u03b5\u03cd\u03bf\u03c5\u03bd \u03c4\u03b1 \u03b1\u03c3\u03c5\u03bd\u03ac\u03c1\u03c4\u03b7\u03c4\u03b1 \u03c4\u03c1\u03b1\u03b2\u03ae\u03b3\u03bc\u03b1\u03c4\u03b1 \u03c4\u03bf\u03c5<\/h5>\n<\/div><\/section><br \/>\n<div  class='hr av-jmkeqlis-60f2e70023e2a6ddca1b80370c030fd8 hr-short  avia-builder-el-7  el_after_av_textblock  el_before_av_textblock  hr-right'><span class='hr-inner '><span class=\"hr-inner-style\"><\/span><\/span><\/div><br \/>\n\n<style type=\"text\/css\" data-created_by=\"avia_inline_auto\" id=\"style-css-av-jmkf9qz7-6a6ae6b63ae92b97fcfc8470bf131d5f\">\n#top .av_textblock_section.av-jmkf9qz7-6a6ae6b63ae92b97fcfc8470bf131d5f .avia_textblock{\nfont-size:14px;\n}\n<\/style>\n<section  class='av_textblock_section av-jmkf9qz7-6a6ae6b63ae92b97fcfc8470bf131d5f '   itemscope=\"itemscope\" itemtype=\"https:\/\/schema.org\/CreativeWork\" ><div class='avia_textblock'  itemprop=\"text\" ><p style=\"text-align: right;\">\u039a\u03b1\u03c4\u03b1\u03c3\u03ba\u03b5\u03c5\u03b1\u03c3\u03bc\u03ad\u03bd\u03bf \u03b1\u03c0\u03cc \u03c5\u03c8\u03b7\u03bb\u03ae\u03c2 \u03c0\u03bf\u03b9\u03cc\u03c4\u03b7\u03c4\u03b1\u03c2 \u03b1\u03c6\u03c1\u03ce\u03b4\u03b7<br \/>\n\u0391\u03c6\u03b1\u03b9\u03c1\u03bf\u03cd\u03bc\u03b5\u03bd\u03bf \u03ba\u03ac\u03bb\u03c5\u03bc\u03bc\u03b1 \u03c3\u03b5 \u03c3\u03ce\u03bc\u03b1 \u03ba\u03b1\u03b9 \u03ba\u03b5\u03c6\u03b1\u03bb\u03ac\u03c1\u03b9<br \/>\n\u0394\u03c5\u03bd\u03b1\u03c4\u03cc\u03c4\u03b7\u03c4\u03b1 \u03b1\u03c0\u03bf\u03b8\u03b7\u03ba\u03b5\u03c5\u03c4\u03b9\u03ba\u03bf\u03cd \u03c7\u03ce\u03c1\u03bf\u03c5<br \/>\n\u0394\u03c5\u03bd\u03b1\u03c4\u03cc\u03c4\u03b7\u03c4\u03b1 \u03bc\u03b5\u03c4\u03b1\u03b2\u03bf\u03bb\u03ae\u03c2 \u03b4\u03b9\u03b1\u03c3\u03c4\u03ac\u03c3\u03b5\u03c9\u03bd<br \/>\n\u0394\u03b9\u03b1\u03c3\u03c4\u03ac\u03c3\u03b5\u03b9\u03c2 \u03b3\u03b9\u03b1 \u03c3\u03c4\u03c1\u03ce\u03bc\u03b1 1,70 \u03a7 2,00<br \/>\n\u0395\u03be\u03c9\u03c4\u03b5\u03c1\u03b9\u03ba\u03ad\u03c2 \u03b4\u03b9\u03b1\u03c3\u03c4\u03ac\u03c3\u03b5\u03b9\u03c2 2,00 \u03a7 2,30<\/p>\n<\/div><\/section><\/p><\/div>\n<style type=\"text\/css\" data-created_by=\"avia_inline_auto\" id=\"style-css-av-74323-2bb53eefdf3b85e112fb83eea1b42e42\">\n.flex_column.av-74323-2bb53eefdf3b85e112fb83eea1b42e42{\nborder-radius:0px 0px 0px 0px;\npadding:0px 0px 0px 0px;\n}\n<\/style>\n<div  class='flex_column av-74323-2bb53eefdf3b85e112fb83eea1b42e42 av_one_half  avia-builder-el-9  el_after_av_one_half  avia-builder-el-last  flex_column_div av-zero-column-padding  '     ><p>\n<style type=\"text\/css\" data-created_by=\"avia_inline_auto\" id=\"style-css-av-jmkg1u58-19ad748368bea4cd778f94dcb05757d3\">\n#top .hr.hr-invisible.av-jmkg1u58-19ad748368bea4cd778f94dcb05757d3{\nheight:20px;\n}\n<\/style>\n<div  class='hr av-jmkg1u58-19ad748368bea4cd778f94dcb05757d3 hr-invisible  avia-builder-el-10  el_before_av_textblock  avia-builder-el-first '><span class='hr-inner '><span class=\"hr-inner-style\"><\/span><\/span><\/div><br \/>\n\n<style type=\"text\/css\" data-created_by=\"avia_inline_auto\" id=\"style-css-av-jmkf23pr-a3b8167ef3d3c4d8ceec8b0fc5c14f3e\">\n#top .av_textblock_section.av-jmkf23pr-a3b8167ef3d3c4d8ceec8b0fc5c14f3e .avia_textblock{\ncolor:#4d4d4d;\n}\n<\/style>\n<section  class='av_textblock_section av-jmkf23pr-a3b8167ef3d3c4d8ceec8b0fc5c14f3e '   itemscope=\"itemscope\" itemtype=\"https:\/\/schema.org\/CreativeWork\" ><div class='avia_textblock av_inherit_color'  itemprop=\"text\" ><h5 style=\"text-align: left;\">A design that screams special in its whole. Its unusual pulls tease its strictly trapezoid design, making it stand out of the ordinary<\/h5>\n<\/div><\/section><br \/>\n\n<style type=\"text\/css\" data-created_by=\"avia_inline_auto\" id=\"style-css-av-jmmf21yd-3a6547b737fae1a0f1da47f79c649242\">\n#top .hr.hr-invisible.av-jmmf21yd-3a6547b737fae1a0f1da47f79c649242{\nheight:35px;\n}\n<\/style>\n<div  class='hr av-jmmf21yd-3a6547b737fae1a0f1da47f79c649242 hr-invisible  avia-builder-el-12  el_after_av_textblock  el_before_av_hr '><span class='hr-inner '><span class=\"hr-inner-style\"><\/span><\/span><\/div><br \/>\n<div  class='hr av-jmkeqlis-00580f0672a1a572a73d2a8009d58deb hr-short  avia-builder-el-13  el_after_av_hr  el_before_av_textblock  hr-left'><span class='hr-inner '><span class=\"hr-inner-style\"><\/span><\/span><\/div><br \/>\n\n<style type=\"text\/css\" data-created_by=\"avia_inline_auto\" id=\"style-css-av-jmkf9qz7-6a6ae6b63ae92b97fcfc8470bf131d5f\">\n#top .av_textblock_section.av-jmkf9qz7-6a6ae6b63ae92b97fcfc8470bf131d5f .avia_textblock{\nfont-size:14px;\n}\n<\/style>\n<section  class='av_textblock_section av-jmkf9qz7-6a6ae6b63ae92b97fcfc8470bf131d5f '   itemscope=\"itemscope\" itemtype=\"https:\/\/schema.org\/CreativeWork\" ><div class='avia_textblock'  itemprop=\"text\" ><p>Made out of high quality foaming<br \/>\nRemovable main body and headboard covers<br \/>\nStorage space option available<br \/>\nCustom dimensions available<br \/>\nMattress dimensions: 1,70m X 2,00m<br \/>\nExternal dimensions: 2,00m X 2,30m<\/p>\n<\/div><\/section><\/p><\/div>\n<\/p>\n<\/div><\/div><\/div><!-- close content main div --><\/div><\/div><div id='av_section_3'  class='avia-section av-jmkfx7sk-d794cdae00d20581df95502e6730972c main_color avia-section-default avia-shadow  avia-builder-el-15  el_after_av_section  avia-builder-el-last  avia-bg-style-scroll container_wrap fullsize'  ><div class='container av-section-cont-open' ><div class='template-page content  av-content-full alpha units'><div class='post-entry post-entry-type-page post-entry-3864'><div class='entry-content-wrapper clearfix'>\n\n<style type=\"text\/css\" data-created_by=\"avia_inline_auto\" id=\"style-css-av-gxeyr-7a0e0d34cfe3b7c8ea3e49ff845e8776\">\n.flex_column.av-gxeyr-7a0e0d34cfe3b7c8ea3e49ff845e8776{\nborder-radius:0px 0px 0px 0px;\npadding:0px 0px 0px 0px;\n}\n<\/style>\n<div  class='flex_column av-gxeyr-7a0e0d34cfe3b7c8ea3e49ff845e8776 av_one_half  avia-builder-el-16  el_before_av_one_half  avia-builder-el-first  first flex_column_div av-zero-column-padding  '     ><style type=\"text\/css\" data-created_by=\"avia_inline_auto\" id=\"style-css-av-jmyohykv-2923a71cee8a554439d263d1523952ed\">\n#top .avia-gallery.av-jmyohykv-2923a71cee8a554439d263d1523952ed .avia-gallery-thumb a{\nwidth:100%;\n}\n<\/style>\n<div  class='avia-gallery av-jmyohykv-2923a71cee8a554439d263d1523952ed avia_animate_when_visible  avia-builder-el-17  avia-builder-el-no-sibling  avia_lazyload avia-gallery-animate avia-gallery-1'  itemprop=\"image\" itemscope=\"itemscope\" itemtype=\"https:\/\/schema.org\/ImageObject\" ><meta itemprop=\"contentURL\" content=\"https:\/\/dafi-dafi.gr\/en\/new-collection-2019\/nirvana-bed\/\"><div class='avia-gallery-thumb'><a href=\"https:\/\/dafi-dafi.gr\/wp-content\/uploads\/2018\/10\/nirvana-2-1030x687.jpg\" data-srcset=\"https:\/\/dafi-dafi.gr\/wp-content\/uploads\/2018\/10\/nirvana-2-1030x687.jpg 1030w, https:\/\/dafi-dafi.gr\/wp-content\/uploads\/2018\/10\/nirvana-2-300x200.jpg 300w, https:\/\/dafi-dafi.gr\/wp-content\/uploads\/2018\/10\/nirvana-2-768x512.jpg 768w, https:\/\/dafi-dafi.gr\/wp-content\/uploads\/2018\/10\/nirvana-2-1500x1000.jpg 1500w, https:\/\/dafi-dafi.gr\/wp-content\/uploads\/2018\/10\/nirvana-2-705x470.jpg 705w, https:\/\/dafi-dafi.gr\/wp-content\/uploads\/2018\/10\/nirvana-2-450x300.jpg 450w, https:\/\/dafi-dafi.gr\/wp-content\/uploads\/2018\/10\/nirvana-2.jpg 1920w\" data-sizes=\"(max-width: 1030px) 100vw, 1030px\" data-rel='gallery-1' data-prev-img='https:\/\/dafi-dafi.gr\/wp-content\/uploads\/2018\/10\/nirvana-2-495x400.jpg' class='first_thumb lightbox ' data-onclick='1' title=''  itemprop=\"thumbnailUrl\"  ><img decoding=\"async\" fetchpriority=\"high\" class=\"wp-image-1771 avia-img-lazy-loading-not-1771\"   src=\"https:\/\/dafi-dafi.gr\/wp-content\/uploads\/2018\/10\/nirvana-2-495x400.jpg\" width=\"495\" height=\"400\"  title='' alt='' srcset=\"https:\/\/dafi-dafi.gr\/wp-content\/uploads\/2018\/10\/nirvana-2-495x400.jpg 495w, https:\/\/dafi-dafi.gr\/wp-content\/uploads\/2018\/10\/nirvana-2-845x684.jpg 845w\" sizes=\"(max-width: 495px) 100vw, 495px\" \/><div class='big-prev-fake'><img decoding=\"async\" loading=\"lazy\" class=\"wp-image-1771 avia-img-lazy-loading-1771\"  width=\"495\" height=\"400\" src=\"https:\/\/dafi-dafi.gr\/wp-content\/uploads\/2018\/10\/nirvana-2-495x400.jpg\" title='' alt='' srcset=\"https:\/\/dafi-dafi.gr\/wp-content\/uploads\/2018\/10\/nirvana-2-495x400.jpg 495w, https:\/\/dafi-dafi.gr\/wp-content\/uploads\/2018\/10\/nirvana-2-845x684.jpg 845w\" sizes=\"auto, (max-width: 495px) 100vw, 495px\" \/><\/div><\/a><\/div><\/div><\/div>\n<style type=\"text\/css\" data-created_by=\"avia_inline_auto\" id=\"style-css-av-74323-2bb53eefdf3b85e112fb83eea1b42e42\">\n.flex_column.av-74323-2bb53eefdf3b85e112fb83eea1b42e42{\nborder-radius:0px 0px 0px 0px;\npadding:0px 0px 0px 0px;\n}\n<\/style>\n<div  class='flex_column av-74323-2bb53eefdf3b85e112fb83eea1b42e42 av_one_half  avia-builder-el-18  el_after_av_one_half  avia-builder-el-last  flex_column_div av-zero-column-padding  '     ><p>\n<style type=\"text\/css\" data-created_by=\"avia_inline_auto\" id=\"style-css-av-jmkg1u58-19ad748368bea4cd778f94dcb05757d3\">\n#top .hr.hr-invisible.av-jmkg1u58-19ad748368bea4cd778f94dcb05757d3{\nheight:20px;\n}\n<\/style>\n<div  class='hr av-jmkg1u58-19ad748368bea4cd778f94dcb05757d3 hr-invisible  avia-builder-el-19  el_before_av_textblock  avia-builder-el-first '><span class='hr-inner '><span class=\"hr-inner-style\"><\/span><\/span><\/div><br \/>\n\n<style type=\"text\/css\" data-created_by=\"avia_inline_auto\" id=\"style-css-av-jmkf23pr-a3b8167ef3d3c4d8ceec8b0fc5c14f3e\">\n#top .av_textblock_section.av-jmkf23pr-a3b8167ef3d3c4d8ceec8b0fc5c14f3e .avia_textblock{\ncolor:#4d4d4d;\n}\n<\/style>\n<section  class='av_textblock_section av-jmkf23pr-a3b8167ef3d3c4d8ceec8b0fc5c14f3e '   itemscope=\"itemscope\" itemtype=\"https:\/\/schema.org\/CreativeWork\" ><div class='avia_textblock av_inherit_color'  itemprop=\"text\" ><h5 style=\"text-align: left;\">Un d\u00e9sign sp\u00e9cial qui attire le regard sur l\u2019ensemble. Ses poign\u00e9es inhabituelles rajeunissent sa conception strictement trap\u00e9zo\u00efdale ; ce qui le rend hors du commun.<\/h5>\n<\/div><\/section><br \/>\n\n<style type=\"text\/css\" data-created_by=\"avia_inline_auto\" id=\"style-css-av-jmmf21yd-3a6547b737fae1a0f1da47f79c649242\">\n#top .hr.hr-invisible.av-jmmf21yd-3a6547b737fae1a0f1da47f79c649242{\nheight:35px;\n}\n<\/style>\n<div  class='hr av-jmmf21yd-3a6547b737fae1a0f1da47f79c649242 hr-invisible  avia-builder-el-21  el_after_av_textblock  el_before_av_hr '><span class='hr-inner '><span class=\"hr-inner-style\"><\/span><\/span><\/div><br \/>\n<div  class='hr av-jmkeqlis-00580f0672a1a572a73d2a8009d58deb hr-short  avia-builder-el-22  el_after_av_hr  el_before_av_textblock  hr-left'><span class='hr-inner '><span class=\"hr-inner-style\"><\/span><\/span><\/div><br \/>\n\n<style type=\"text\/css\" data-created_by=\"avia_inline_auto\" id=\"style-css-av-jmkf9qz7-6a6ae6b63ae92b97fcfc8470bf131d5f\">\n#top .av_textblock_section.av-jmkf9qz7-6a6ae6b63ae92b97fcfc8470bf131d5f .avia_textblock{\nfont-size:14px;\n}\n<\/style>\n<section  class='av_textblock_section av-jmkf9qz7-6a6ae6b63ae92b97fcfc8470bf131d5f '   itemscope=\"itemscope\" itemtype=\"https:\/\/schema.org\/CreativeWork\" ><div class='avia_textblock'  itemprop=\"text\" ><p>Mousse de haute qualit\u00e9<br \/>\nCorps principal et t\u00eate de lit d\u00e9houssables<br \/>\nOption d\u2019espace de stockage disponible<br \/>\nDimensions sur mesure disponibles<br \/>\nDimensions du matelas : 1,70m X 2,00m<br \/>\nDimensions ext\u00e9rieures : 2,00m X 2,30m<\/p>\n<\/div><\/section><\/p><\/div>\n\n","protected":false},"excerpt":{"rendered":"","protected":false},"author":1,"featured_media":0,"parent":1726,"menu_order":0,"comment_status":"closed","ping_status":"closed","template":"","meta":{"footnotes":""},"class_list":["post-3864","page","type-page","status-publish","hentry"],"yoast_head":"<!-- This site is optimized with the Yoast SEO plugin v27.3 - https:\/\/yoast.com\/product\/yoast-seo-wordpress\/ -->\n<title>Nirvana Bed - Dafi<\/title>\n<meta name=\"robots\" content=\"index, follow, max-snippet:-1, max-image-preview:large, max-video-preview:-1\" \/>\n<link rel=\"canonical\" href=\"https:\/\/dafi-dafi.gr\/en\/new-collection-2019\/nirvana-bed\/\" \/>\n<meta property=\"og:locale\" content=\"en_US\" \/>\n<meta property=\"og:type\" content=\"article\" \/>\n<meta property=\"og:title\" content=\"Nirvana Bed - Dafi\" \/>\n<meta property=\"og:url\" content=\"https:\/\/dafi-dafi.gr\/en\/new-collection-2019\/nirvana-bed\/\" \/>\n<meta property=\"og:site_name\" content=\"Dafi\" \/>\n<meta property=\"article:publisher\" content=\"https:\/\/www.facebook.com\/dafidafi.gr\/\" \/>\n<meta property=\"article:modified_time\" content=\"2018-11-22T15:45:21+00:00\" \/>\n<meta name=\"twitter:card\" content=\"summary_large_image\" \/>\n<meta name=\"twitter:label1\" content=\"Est. reading time\" \/>\n\t<meta name=\"twitter:data1\" content=\"7 minutes\" \/>\n<script type=\"application\/ld+json\" class=\"yoast-schema-graph\">{\"@context\":\"https:\\\/\\\/schema.org\",\"@graph\":[{\"@type\":\"WebPage\",\"@id\":\"https:\\\/\\\/dafi-dafi.gr\\\/en\\\/new-collection-2019\\\/nirvana-bed\\\/\",\"url\":\"https:\\\/\\\/dafi-dafi.gr\\\/en\\\/new-collection-2019\\\/nirvana-bed\\\/\",\"name\":\"Nirvana Bed - Dafi\",\"isPartOf\":{\"@id\":\"https:\\\/\\\/dafi-dafi.gr\\\/#website\"},\"datePublished\":\"2018-11-22T15:44:54+00:00\",\"dateModified\":\"2018-11-22T15:45:21+00:00\",\"breadcrumb\":{\"@id\":\"https:\\\/\\\/dafi-dafi.gr\\\/en\\\/new-collection-2019\\\/nirvana-bed\\\/#breadcrumb\"},\"inLanguage\":\"en-US\",\"potentialAction\":[{\"@type\":\"ReadAction\",\"target\":[\"https:\\\/\\\/dafi-dafi.gr\\\/en\\\/new-collection-2019\\\/nirvana-bed\\\/\"]}]},{\"@type\":\"BreadcrumbList\",\"@id\":\"https:\\\/\\\/dafi-dafi.gr\\\/en\\\/new-collection-2019\\\/nirvana-bed\\\/#breadcrumb\",\"itemListElement\":[{\"@type\":\"ListItem\",\"position\":1,\"name\":\"Home\",\"item\":\"https:\\\/\\\/dafi-dafi.gr\\\/en\\\/dafi-dafi-home\\\/\"},{\"@type\":\"ListItem\",\"position\":2,\"name\":\"Collection 2019\",\"item\":\"https:\\\/\\\/dafi-dafi.gr\\\/en\\\/?page_id=1726\"},{\"@type\":\"ListItem\",\"position\":3,\"name\":\"Nirvana Bed\"}]},{\"@type\":\"WebSite\",\"@id\":\"https:\\\/\\\/dafi-dafi.gr\\\/#website\",\"url\":\"https:\\\/\\\/dafi-dafi.gr\\\/\",\"name\":\"Dafi\",\"description\":\"\u0388&pi;&iota;&pi;&lambda;&alpha;\",\"publisher\":{\"@id\":\"https:\\\/\\\/dafi-dafi.gr\\\/#organization\"},\"potentialAction\":[{\"@type\":\"SearchAction\",\"target\":{\"@type\":\"EntryPoint\",\"urlTemplate\":\"https:\\\/\\\/dafi-dafi.gr\\\/?s={search_term_string}\"},\"query-input\":{\"@type\":\"PropertyValueSpecification\",\"valueRequired\":true,\"valueName\":\"search_term_string\"}}],\"inLanguage\":\"en-US\"},{\"@type\":\"Organization\",\"@id\":\"https:\\\/\\\/dafi-dafi.gr\\\/#organization\",\"name\":\"Dafi\",\"url\":\"https:\\\/\\\/dafi-dafi.gr\\\/\",\"logo\":{\"@type\":\"ImageObject\",\"inLanguage\":\"en-US\",\"@id\":\"https:\\\/\\\/dafi-dafi.gr\\\/#\\\/schema\\\/logo\\\/image\\\/\",\"url\":\"https:\\\/\\\/dafi-dafi.gr\\\/wp-content\\\/uploads\\\/2018\\\/05\\\/logo.png\",\"contentUrl\":\"https:\\\/\\\/dafi-dafi.gr\\\/wp-content\\\/uploads\\\/2018\\\/05\\\/logo.png\",\"width\":300,\"height\":94,\"caption\":\"Dafi\"},\"image\":{\"@id\":\"https:\\\/\\\/dafi-dafi.gr\\\/#\\\/schema\\\/logo\\\/image\\\/\"},\"sameAs\":[\"https:\\\/\\\/www.facebook.com\\\/dafidafi.gr\\\/\",\"https:\\\/\\\/www.instagram.com\\\/dafi__dafi\\\/\"]}]}<\/script>\n<!-- \/ Yoast SEO plugin. -->","yoast_head_json":{"title":"Nirvana Bed - Dafi","robots":{"index":"index","follow":"follow","max-snippet":"max-snippet:-1","max-image-preview":"max-image-preview:large","max-video-preview":"max-video-preview:-1"},"canonical":"https:\/\/dafi-dafi.gr\/en\/new-collection-2019\/nirvana-bed\/","og_locale":"en_US","og_type":"article","og_title":"Nirvana Bed - Dafi","og_url":"https:\/\/dafi-dafi.gr\/en\/new-collection-2019\/nirvana-bed\/","og_site_name":"Dafi","article_publisher":"https:\/\/www.facebook.com\/dafidafi.gr\/","article_modified_time":"2018-11-22T15:45:21+00:00","twitter_card":"summary_large_image","twitter_misc":{"Est. reading time":"7 minutes"},"schema":{"@context":"https:\/\/schema.org","@graph":[{"@type":"WebPage","@id":"https:\/\/dafi-dafi.gr\/en\/new-collection-2019\/nirvana-bed\/","url":"https:\/\/dafi-dafi.gr\/en\/new-collection-2019\/nirvana-bed\/","name":"Nirvana Bed - Dafi","isPartOf":{"@id":"https:\/\/dafi-dafi.gr\/#website"},"datePublished":"2018-11-22T15:44:54+00:00","dateModified":"2018-11-22T15:45:21+00:00","breadcrumb":{"@id":"https:\/\/dafi-dafi.gr\/en\/new-collection-2019\/nirvana-bed\/#breadcrumb"},"inLanguage":"en-US","potentialAction":[{"@type":"ReadAction","target":["https:\/\/dafi-dafi.gr\/en\/new-collection-2019\/nirvana-bed\/"]}]},{"@type":"BreadcrumbList","@id":"https:\/\/dafi-dafi.gr\/en\/new-collection-2019\/nirvana-bed\/#breadcrumb","itemListElement":[{"@type":"ListItem","position":1,"name":"Home","item":"https:\/\/dafi-dafi.gr\/en\/dafi-dafi-home\/"},{"@type":"ListItem","position":2,"name":"Collection 2019","item":"https:\/\/dafi-dafi.gr\/en\/?page_id=1726"},{"@type":"ListItem","position":3,"name":"Nirvana Bed"}]},{"@type":"WebSite","@id":"https:\/\/dafi-dafi.gr\/#website","url":"https:\/\/dafi-dafi.gr\/","name":"Dafi","description":"\u0388&pi;&iota;&pi;&lambda;&alpha;","publisher":{"@id":"https:\/\/dafi-dafi.gr\/#organization"},"potentialAction":[{"@type":"SearchAction","target":{"@type":"EntryPoint","urlTemplate":"https:\/\/dafi-dafi.gr\/?s={search_term_string}"},"query-input":{"@type":"PropertyValueSpecification","valueRequired":true,"valueName":"search_term_string"}}],"inLanguage":"en-US"},{"@type":"Organization","@id":"https:\/\/dafi-dafi.gr\/#organization","name":"Dafi","url":"https:\/\/dafi-dafi.gr\/","logo":{"@type":"ImageObject","inLanguage":"en-US","@id":"https:\/\/dafi-dafi.gr\/#\/schema\/logo\/image\/","url":"https:\/\/dafi-dafi.gr\/wp-content\/uploads\/2018\/05\/logo.png","contentUrl":"https:\/\/dafi-dafi.gr\/wp-content\/uploads\/2018\/05\/logo.png","width":300,"height":94,"caption":"Dafi"},"image":{"@id":"https:\/\/dafi-dafi.gr\/#\/schema\/logo\/image\/"},"sameAs":["https:\/\/www.facebook.com\/dafidafi.gr\/","https:\/\/www.instagram.com\/dafi__dafi\/"]}]}},"_links":{"self":[{"href":"https:\/\/dafi-dafi.gr\/en\/wp-json\/wp\/v2\/pages\/3864","targetHints":{"allow":["GET"]}}],"collection":[{"href":"https:\/\/dafi-dafi.gr\/en\/wp-json\/wp\/v2\/pages"}],"about":[{"href":"https:\/\/dafi-dafi.gr\/en\/wp-json\/wp\/v2\/types\/page"}],"author":[{"embeddable":true,"href":"https:\/\/dafi-dafi.gr\/en\/wp-json\/wp\/v2\/users\/1"}],"replies":[{"embeddable":true,"href":"https:\/\/dafi-dafi.gr\/en\/wp-json\/wp\/v2\/comments?post=3864"}],"version-history":[{"count":2,"href":"https:\/\/dafi-dafi.gr\/en\/wp-json\/wp\/v2\/pages\/3864\/revisions"}],"predecessor-version":[{"id":3866,"href":"https:\/\/dafi-dafi.gr\/en\/wp-json\/wp\/v2\/pages\/3864\/revisions\/3866"}],"up":[{"embeddable":true,"href":"https:\/\/dafi-dafi.gr\/en\/wp-json\/wp\/v2\/pages\/1726"}],"wp:attachment":[{"href":"https:\/\/dafi-dafi.gr\/en\/wp-json\/wp\/v2\/media?parent=3864"}],"curies":[{"name":"wp","href":"https:\/\/api.w.org\/{rel}","templated":true}]}}