{"id":1827,"date":"2018-10-07T13:13:21","date_gmt":"2018-10-07T13:13:21","guid":{"rendered":"https:\/\/dafi-dafi.gr\/?page_id=1827"},"modified":"2018-10-07T13:13:21","modified_gmt":"2018-10-07T13:13:21","slug":"notre-compagnie","status":"publish","type":"page","link":"https:\/\/dafi-dafi.gr\/en\/notre-compagnie\/","title":{"rendered":"Notre compagnie"},"content":{"rendered":"<div id='full_slider_1'  class='avia-fullwidth-slider main_color avia-shadow   avia-builder-el-0  el_before_av_section  avia-builder-el-first   container_wrap fullsize'  ><div  class='avia-slideshow av-jmvphkzl-9667906974d7592988b275e527e1fde4 avia-slideshow-featured av_slideshow_full avia-slide-slider av-slideshow-ui av-control-default av-slideshow-manual av-loop-once av-loop-manual-endless av-default-height-applied   avia-slideshow-1' data-slideshow-options=\"{&quot;animation&quot;:&quot;slide&quot;,&quot;autoplay&quot;:false,&quot;loop_autoplay&quot;:&quot;once&quot;,&quot;interval&quot;:5,&quot;loop_manual&quot;:&quot;manual-endless&quot;,&quot;autoplay_stopper&quot;:false,&quot;noNavigation&quot;:false,&quot;bg_slider&quot;:false,&quot;keep_padding&quot;:false,&quot;hoverpause&quot;:false,&quot;show_slide_delay&quot;:0}\"  itemprop=\"image\" itemscope=\"itemscope\" itemtype=\"https:\/\/schema.org\/ImageObject\" ><ul class='avia-slideshow-inner ' style='padding-bottom: 25.6%;'><li  class='avia-slideshow-slide av-jmvphkzl-9667906974d7592988b275e527e1fde4__0  av-single-slide slide-1 slide-odd'><div data-rel='slideshow-1' class='avia-slide-wrap '   ><img decoding=\"async\" fetchpriority=\"high\" class=\"wp-image-1327 avia-img-lazy-loading-not-1327\"  src=\"https:\/\/dafi-dafi.gr\/wp-content\/uploads\/2018\/10\/company-banner01-1500x384.jpg\" width=\"1500\" height=\"384\" title='' alt=''  itemprop=\"thumbnailUrl\"   \/><\/div><\/li><\/ul><\/div><\/div>\n\n<style type=\"text\/css\" data-created_by=\"avia_inline_auto\" id=\"style-css-av-jmvpmtt1-6aa56df411db16577346a03f750f7610\">\n.avia-section.av-jmvpmtt1-6aa56df411db16577346a03f750f7610{\nbackground-color:#f2f2f2;\nbackground-image:unset;\n}\n<\/style>\n<div id='av_section_1'  class='avia-section av-jmvpmtt1-6aa56df411db16577346a03f750f7610 main_color avia-section-default avia-no-border-styling  avia-builder-el-1  el_after_av_slideshow_full  el_before_av_one_half  avia-bg-style-scroll container_wrap fullsize'  ><div class='container av-section-cont-open' ><div class='template-page content  av-content-full alpha units'><div class='post-entry post-entry-type-page post-entry-1827'><div class='entry-content-wrapper clearfix'>\n<section  class='av_textblock_section av-jmvp55n3-f1f9314135dd2041d14db346ae92c628 '   itemscope=\"itemscope\" itemtype=\"https:\/\/schema.org\/CreativeWork\" ><div class='avia_textblock'  itemprop=\"text\" ><p style=\"text-align: center;\">Nous cr\u00e9ons avec la m\u00eame passion et le m\u00eame enthousiasme depuis 1962.<\/p>\n<h3 style=\"text-align: center;\"><strong><span style=\"color: #000000;\">#LivingExperience #FurnitureCulture #NotAnotherSofa<\/span><\/strong><\/h3>\n<\/div><\/section>\n<\/div><\/div><\/div><!-- close content main div --><\/div><\/div><div id='after_section_1'  class='main_color av_default_container_wrap container_wrap fullsize'  ><div class='container av-section-cont-open' ><div class='template-page content  av-content-full alpha units'><div class='post-entry post-entry-type-page post-entry-1827'><div class='entry-content-wrapper clearfix'>\n<style type=\"text\/css\" data-created_by=\"avia_inline_auto\" id=\"style-css-av-av_one_half-1df1b63c6c045939f2dc1aefbdd8e7ad\">\n.flex_column.av-av_one_half-1df1b63c6c045939f2dc1aefbdd8e7ad{\nborder-radius:0px 0px 0px 0px;\npadding:0px 0px 0px 0px;\n}\n<\/style>\n<div  class='flex_column av-av_one_half-1df1b63c6c045939f2dc1aefbdd8e7ad av_one_half  avia-builder-el-3  el_after_av_section  el_before_av_one_half  avia-builder-el-first  first flex_column_div av-zero-column-padding  '     ><section  class='av_textblock_section av-jmvpovp0-b09212255c06f88f1935a46f60af5d9b '   itemscope=\"itemscope\" itemtype=\"https:\/\/schema.org\/CreativeWork\" ><div class='avia_textblock'  itemprop=\"text\" ><h2><strong>Philosophie<\/strong><\/h2>\n<p><strong>\u00a0<\/strong><strong>Nous cr\u00e9ons <\/strong>avec la m\u00eame passion et le m\u00eame enthousiasme <strong>depuis 1962.<\/strong><\/p>\n<blockquote>\n<p>\u00ab Pour moi tout a commenc\u00e9 avec l\u2019odeur du bois et l\u2019image des Hommes donnant forme \u00e0 la mati\u00e8re brute. D\u00e8s le premier instant j\u2019ai pu imaginer l\u2019aisance, la perfection g\u00e9om\u00e9trique, la structure architecturale des plans. \u00bb<\/p>\n<p><strong>Dimitris<\/strong> <strong>Dafis<\/strong><\/p>\n<p><strong>Co<\/strong><strong>&#8211;<\/strong><strong>fondateur<\/strong><strong> &amp; <\/strong><strong>PDG<\/strong><strong>\u00a0 <\/strong><\/p>\n<\/blockquote>\n<\/div><\/section><br \/>\n<section  class='av_textblock_section av-jhx7afry-d85d60010c23d07aa29a97ed4f6f44f8 '   itemscope=\"itemscope\" itemtype=\"https:\/\/schema.org\/CreativeWork\" ><div class='avia_textblock'  itemprop=\"text\" ><p>Nous adorons les mat\u00e9riaux naturels, et ce depuis le d\u00e9but de notre parcours.<br \/>\nLe bois \u00e9tait, et reste encore, partie int\u00e9grante de nos produits. Il est utilis\u00e9 depuis l\u2019Antiquit\u00e9 comme structure portante des constructions les plus durables et les plus \u00e9labor\u00e9es.<br \/>\nPour la construction de l&#8217;\u00e2me de nos meubles, nous choisissons le bois de h\u00eatre, pour cr\u00e9er un squelette qui constitue en tant que tel une \u0153uvre d\u2019art.<br \/>\nToujours dans le respect de notre Histoire et notre tradition, nous int\u00e9grons des nouveaux mat\u00e9riaux dans la conception de chaque nouveau mod\u00e8le, afin de pouvoir donner vie \u00e0 de r\u00e9elles innovations.<br \/>\nNotre savoir-faire \u00e9mane de chaque nouvelle cr\u00e9ation.<br \/>\nLes mat\u00e9riaux transform\u00e9s, minutieusement \u00ab brod\u00e9s \u00bb en formes architecturales, parfaitement g\u00e9om\u00e9triques, offrent au client une exp\u00e9rience irrempla\u00e7able de par le design et la fabrication uniques de chaque pi\u00e8ce.<br \/>\nNous nous consacrons, dans un esprit novateur, \u00e0 cr\u00e9er dans les espaces une atmosph\u00e8re id\u00e9ale comportant du volume, des ombres, des couleur, des lignes, et de la lumi\u00e8re.<br \/>\nNos plus grands d\u00e9fis : combiner durabilit\u00e9 et innovation, architecture moderne et confort, exp\u00e9rience et cr\u00e9ativit\u00e9.<br \/>\nNous partageons avec notre \u00e9quipe, nos partenaires et nos clients, qui sont partie int\u00e9grante de notre activit\u00e9, une m\u00eame passion pour l\u2019authenticit\u00e9 et la qualit\u00e9.<br \/>\nNous choisissons avec soin nos partenariats. La coh\u00e9rence et la fiabilit\u00e9 sont pour nous des valeurs fondamentales.<\/p>\n<p><strong>dafi-dafi <\/strong>se distingue par sa propre unit\u00e9 de production.L\u2019activit\u00e9 principale de notre entreprise est <strong>le mobilier de maison<\/strong>, <strong>bureau, h\u00f4tellerie, yacht et<\/strong> les structures qui permettent un ameublement haut de gamme sur mesure<\/p>\n<p><strong>\u00a0<\/strong><\/p>\n<\/div><\/section><\/p><\/div>\n<style type=\"text\/css\" data-created_by=\"avia_inline_auto\" id=\"style-css-av-av_one_half-862f0c8b97abc46405e90743a1c7ee0e\">\n.flex_column.av-av_one_half-862f0c8b97abc46405e90743a1c7ee0e{\nborder-radius:0px 0px 0px 0px;\npadding:0px 0px 0px 0px;\n}\n<\/style>\n<div  class='flex_column av-av_one_half-862f0c8b97abc46405e90743a1c7ee0e av_one_half  avia-builder-el-6  el_after_av_one_half  el_before_av_hr  flex_column_div av-zero-column-padding  '     ><section  class='av_textblock_section av-jmvq286s-fe4469eb4cd8e9d384a5be0aa1d09b52 '   itemscope=\"itemscope\" itemtype=\"https:\/\/schema.org\/CreativeWork\" ><div class='avia_textblock'  itemprop=\"text\" ><h2><strong>Vision<\/strong><\/h2>\n<blockquote>\n<p>Cr\u00e9er les nouvelles tendances sur le march\u00e9 et se hisser \u00e0 la t\u00eate de l\u2019industrie mondiale du design et de la construction immobiliers.<\/p>\n<\/blockquote>\n<p><strong>\u00a0<\/strong><\/p>\n<\/div><\/section><br \/>\n\n<style type=\"text\/css\" data-created_by=\"avia_inline_auto\" id=\"style-css-av-jmvr8y5v-0bffc3b8bb99a961b373e356f7d9ec61\">\n#top .hr.hr-invisible.av-jmvr8y5v-0bffc3b8bb99a961b373e356f7d9ec61{\nheight:60px;\n}\n<\/style>\n<div  class='hr av-jmvr8y5v-0bffc3b8bb99a961b373e356f7d9ec61 hr-invisible  avia-builder-el-8  el_after_av_textblock  el_before_av_textblock '><span class='hr-inner '><span class=\"hr-inner-style\"><\/span><\/span><\/div><br \/>\n<section  class='av_textblock_section av-jmvrbf7o-470ff898cefc9f7f9dff119adcb6f8a2 '   itemscope=\"itemscope\" itemtype=\"https:\/\/schema.org\/CreativeWork\" ><div class='avia_textblock'  itemprop=\"text\" ><h2><strong>Mission<\/strong><\/h2>\n<p>Le design et la fabrication <strong>de mobilier de maison, bureau, hot\u00eallerie et yacht<\/strong>, avec comme but le renforcement de la position de nos clients et de nos partenaires.<\/p>\n<h3 style=\"text-align: center;\"><strong>La fiabilit\u00e9, le savoir-faire, et l\u2019innovation respectueuse de nos traditions constituent l\u2019identit\u00e9 de \u00ab dafi-dafi \u00bb.<\/strong><\/h3>\n<\/div><\/section><br \/>\n\n<style type=\"text\/css\" data-created_by=\"avia_inline_auto\" id=\"style-css-av-jmvr8y5v-b2fb2dae6885e92666d983783ab3c634\">\n#top .hr.hr-invisible.av-jmvr8y5v-b2fb2dae6885e92666d983783ab3c634{\nheight:100px;\n}\n<\/style>\n<div  class='hr av-jmvr8y5v-b2fb2dae6885e92666d983783ab3c634 hr-invisible  avia-builder-el-10  el_after_av_textblock  el_before_av_textblock '><span class='hr-inner '><span class=\"hr-inner-style\"><\/span><\/span><\/div><br \/>\n<section  class='av_textblock_section av-jmvr41tg-23ce4b8b838448641c1be7a1ba21f140 '   itemscope=\"itemscope\" itemtype=\"https:\/\/schema.org\/CreativeWork\" ><div class='avia_textblock'  itemprop=\"text\" ><h2 style=\"text-align: left;\"><strong>Valeurs<\/strong><\/h2>\n<blockquote>\n<p>\u00ab Fiabilit\u00e9, savoir-faire, innovation \u00bb : les trois piliers de la conception et la fabrication de tous nos meubles<\/p>\n<p>Notre main d\u2019\u0153uvre constitue le noyau de notre activit\u00e9 et nous sommes particuli\u00e8rement engag\u00e9s envers celle-ci.<\/p>\n<p>Nous nous effor\u00e7ons de d\u00e9velopper des partenariats \u00e0 long terme avec nos fournisseurs et nos clients<\/p>\n<p>Nous adoptons une planification strat\u00e9gique, en insistant sur le renforcement de la position de nos clients et de nos partenaires.<\/p>\n<\/blockquote>\n<h3><\/h3>\n<h2><\/h2>\n<\/div><\/section><\/p><\/div><div  class='hr av-av_hr-23b3846cdd0fbd0e234720a594f6db24 hr-default  avia-builder-el-12  el_after_av_one_half  el_before_av_textblock '><span class='hr-inner '><span class=\"hr-inner-style\"><\/span><\/span><\/div><\/p>\n<section  class='av_textblock_section av-jmvrk28h-fea62df3db9ec1c0163c114c3ae04518 '   itemscope=\"itemscope\" itemtype=\"https:\/\/schema.org\/CreativeWork\" ><div class='avia_textblock'  itemprop=\"text\" ><h2 style=\"text-align: center;\"><strong>#LivingExperience #FurnitureCulture #NotAnotherSofa<\/strong><\/h2>\n<\/div><\/section>\n<div  class='hr av-av_hr-23b3846cdd0fbd0e234720a594f6db24 hr-default  avia-builder-el-14  el_after_av_textblock  el_before_av_one_half '><span class='hr-inner '><span class=\"hr-inner-style\"><\/span><\/span><\/div>\n\n<style type=\"text\/css\" data-created_by=\"avia_inline_auto\" id=\"style-css-av-av_one_half-1df1b63c6c045939f2dc1aefbdd8e7ad\">\n.flex_column.av-av_one_half-1df1b63c6c045939f2dc1aefbdd8e7ad{\nborder-radius:0px 0px 0px 0px;\npadding:0px 0px 0px 0px;\n}\n<\/style>\n<div  class='flex_column av-av_one_half-1df1b63c6c045939f2dc1aefbdd8e7ad av_one_half  avia-builder-el-15  el_after_av_hr  el_before_av_one_half  first flex_column_div av-zero-column-padding  '     ><section  class='av_textblock_section av-jmvqqy6x-142c768cbff6783079cf72f250a3088b '   itemscope=\"itemscope\" itemtype=\"https:\/\/schema.org\/CreativeWork\" ><div class='avia_textblock'  itemprop=\"text\" ><h2><strong>Avantages comp\u00e9titifs<\/strong><\/h2>\n<p>Nos partenariats \u00e0 long terme contribuent \u00e0 l\u2019adoption d\u2019une philosophie de vie de plus en plus unifi\u00e9e.<\/p>\n<p>Nous nous engageons \u00e0 long terme envers notre main d\u2019\u0153uvre qui, experte et hautement qualifi\u00e9e, cr\u00e9e la passion pour notre entreprise.<\/p>\n<p>Afin de valoriser nos clients et partenaires, nous nous engageons \u00e0 fabriquer des produits diversifi\u00e9s, de qualit\u00e9 sup\u00e9rieure, relever tous les d\u00e9fis gr\u00e2ce \u00e0 un haut niveau d\u2019expertise, utiliser les mat\u00e9riaux de mani\u00e8re optimale pour des constructions stables et de qualit\u00e9, et enfin respecter les d\u00e9lais de livraison de nos produits Just-in-Time et Time-Based en assurant un suivi apr\u00e8s-vente \u00e0 long terme.<\/p>\n<p>Nous utilisons des mati\u00e8res premi\u00e8res strictement s\u00e9lectionn\u00e9es aupr\u00e8s de fournisseurs nationaux et europ\u00e9ens de premier plan, qui poss\u00e8dent toutes les certifications de qualit\u00e9 n\u00e9cessaires.<\/p>\n<p>Nous sommes passionn\u00e9s de mat\u00e9riaux naturels, notamment de bois de h\u00eatre, et cela se refl\u00e8te dans nos fabrications, durables et fiables.<\/p>\n<p>Nous sentons un respect profond envers notre Histoire et notre identit\u00e9, et sommes engag\u00e9s dans notre vision.<\/p>\n<p>Nos fabrications innovantes en terme de qualit\u00e9 et de design placent la barre de plus en plus haut pour nos concurrents.<\/p>\n<blockquote>\n<p>La confiance dont nous jouissons dans notre milieu refl\u00e8te notre avantage comp\u00e9titif fondamental.<\/p>\n<\/blockquote>\n<\/div><\/section><\/div>\n<style type=\"text\/css\" data-created_by=\"avia_inline_auto\" id=\"style-css-av-jmvrpbe4-7a4323b9e806ddf4b87422a592389587\">\n.flex_column.av-jmvrpbe4-7a4323b9e806ddf4b87422a592389587{\nborder-radius:0px 0px 0px 0px;\npadding:30px 30px 30px 30px;\nbackground-color:#f2f2f2;\n}\n<\/style>\n<div  class='flex_column av-jmvrpbe4-7a4323b9e806ddf4b87422a592389587 av_one_half  avia-builder-el-17  el_after_av_one_half  el_before_av_one_half  flex_column_div  '     ><p>\n<style type=\"text\/css\" data-created_by=\"avia_inline_auto\" id=\"style-css-av-jmvqw5zn-a4556ced88b1014ca8170150d28acf4f\">\n#top .hr.hr-invisible.av-jmvqw5zn-a4556ced88b1014ca8170150d28acf4f{\nheight:100px;\n}\n<\/style>\n<div  class='hr av-jmvqw5zn-a4556ced88b1014ca8170150d28acf4f hr-invisible  avia-builder-el-18  el_before_av_textblock  avia-builder-el-first '><span class='hr-inner '><span class=\"hr-inner-style\"><\/span><\/span><\/div><br \/>\n<section  class='av_textblock_section av-jmvqrrx3-42cef2deedf7f63ff586108373968c65 '   itemscope=\"itemscope\" itemtype=\"https:\/\/schema.org\/CreativeWork\" ><div class='avia_textblock'  itemprop=\"text\" ><h2><strong>Nos partenaires<\/strong><\/h2>\n<p>C\u2019est avec un sens accru des responsabilit\u00e9s et en respectant nos partenaires que nous mettons en \u0153uvre notre strat\u00e9gie de d\u00e9veloppement<\/p>\n<p>En ce qui concerne notre main d\u2019\u0153uvre, nos fournisseurs et nos clients, nous ne tol\u00e9rons pas moins que l\u2019excellence commerciale de <strong>\u00ab daf-dafi \u00bb.<\/strong><\/p>\n<p>La pierre angulaire de notre succ\u00e8s r\u00e9side dans la r\u00e9alisation de chacun de nos objectifs.<\/p>\n<p>Gr\u00e2ce \u00e0 sa fiabilit\u00e9, l\u2019entreprise <strong>\u00ab dafi-dafi \u00bb<\/strong> peut d\u00e9velopper des partenariats \u00e0 long terme s\u00e9lectionn\u00e9s avec toutes les parties impliqu\u00e9es ; cela contribue \u00e0 note engagement \u00e0 adopter une philosophie unifi\u00e9e, qui met l\u2019accent sur la qualit\u00e9 de la fabrication mobili\u00e8re.<\/p>\n<p>N\u2019h\u00e9sitez pas \u00e0 nous contacter pour b\u00e2tir notre propre partenariat !<\/p>\n<\/div><\/section><br \/>\n\n<style type=\"text\/css\" data-created_by=\"avia_inline_auto\" id=\"style-css-av-jmvqw5zn-a4556ced88b1014ca8170150d28acf4f\">\n#top .hr.hr-invisible.av-jmvqw5zn-a4556ced88b1014ca8170150d28acf4f{\nheight:100px;\n}\n<\/style>\n<div  class='hr av-jmvqw5zn-a4556ced88b1014ca8170150d28acf4f hr-invisible  avia-builder-el-20  el_after_av_textblock  el_before_av_hr '><span class='hr-inner '><span class=\"hr-inner-style\"><\/span><\/span><\/div><br \/>\n\n<style type=\"text\/css\" data-created_by=\"avia_inline_auto\" id=\"style-css-av-jmvqw5zn-2fac026be3a29a8d3fcfdc37a178aee7\">\n#top .hr.hr-invisible.av-jmvqw5zn-2fac026be3a29a8d3fcfdc37a178aee7{\nheight:5px;\n}\n<\/style>\n<div  class='hr av-jmvqw5zn-2fac026be3a29a8d3fcfdc37a178aee7 hr-invisible  avia-builder-el-21  el_after_av_hr  avia-builder-el-last '><span class='hr-inner '><span class=\"hr-inner-style\"><\/span><\/span><\/div><\/p><\/div>\n<style type=\"text\/css\" data-created_by=\"avia_inline_auto\" id=\"style-css-av-av_one_half-1df1b63c6c045939f2dc1aefbdd8e7ad\">\n.flex_column.av-av_one_half-1df1b63c6c045939f2dc1aefbdd8e7ad{\nborder-radius:0px 0px 0px 0px;\npadding:0px 0px 0px 0px;\n}\n<\/style>\n<div  class='flex_column av-av_one_half-1df1b63c6c045939f2dc1aefbdd8e7ad av_one_half  avia-builder-el-22  el_after_av_one_half  el_before_av_one_half  first flex_column_div av-zero-column-padding  column-top-margin'     ><section  class='av_textblock_section av-jmvqvr0t-0d1e8ad89b5cac5bd017baef29f03e7a '   itemscope=\"itemscope\" itemtype=\"https:\/\/schema.org\/CreativeWork\" ><div class='avia_textblock'  itemprop=\"text\" ><h2><strong>Services<\/strong><\/h2>\n<p><strong>L\u2019entreprise \u00abdafi-dafi\u00a0\u00bb est cr\u00e9atrice de mobilier depuis 1962.<\/strong><\/p>\n<p>L&#8217;activit\u00e9 principale de notre soci\u00e9t\u00e9 est la conception et la fabrication de meubles de qualit\u00e9 sup\u00e9rieure, fiables, intemporels et innovants dans les secteurs du <strong>mobilier de maison, bureau, h\u00f4tellerie et yacht.<\/strong><\/p>\n<p>Notre strat\u00e9gie vise la cr\u00e9ation d\u2019avantages comp\u00e9titifs et l\u2019adoption de pratiques permettant le renforcement de la position du client sur le march\u00e9.<\/p>\n<p>Nos clients sont pour nous des partenaires de confiance\u00a0; la r\u00e9alisation de leurs objectifs et leur image positive sur le march\u00e9 font partie de nos missions.<\/p>\n<p>De nombreux architectes, architectes d\u2019int\u00e9rieur et d\u00e9corateurs s\u2019en remettent au savoir-faire de \u00ab\u00a0dafi-dafi\u00a0\u00bb pour des projets originaux et des collaborations exclusives.<\/p>\n<\/div><\/section><\/div>\n<style type=\"text\/css\" data-created_by=\"avia_inline_auto\" id=\"style-css-av-av_one_half-862f0c8b97abc46405e90743a1c7ee0e\">\n.flex_column.av-av_one_half-862f0c8b97abc46405e90743a1c7ee0e{\nborder-radius:0px 0px 0px 0px;\npadding:0px 0px 0px 0px;\n}\n<\/style>\n<div  class='flex_column av-av_one_half-862f0c8b97abc46405e90743a1c7ee0e av_one_half  avia-builder-el-24  el_after_av_one_half  avia-builder-el-last  flex_column_div av-zero-column-padding  column-top-margin'     ><p>\n<style type=\"text\/css\" data-created_by=\"avia_inline_auto\" id=\"style-css-av-jmvqw5zn-2fac026be3a29a8d3fcfdc37a178aee7\">\n#top .hr.hr-invisible.av-jmvqw5zn-2fac026be3a29a8d3fcfdc37a178aee7{\nheight:5px;\n}\n<\/style>\n<div  class='hr av-jmvqw5zn-2fac026be3a29a8d3fcfdc37a178aee7 hr-invisible  avia-builder-el-25  el_before_av_textblock  avia-builder-el-first '><span class='hr-inner '><span class=\"hr-inner-style\"><\/span><\/span><\/div><br \/>\n<section  class='av_textblock_section av-jmvqv7c5-af4d84a7b60ea0d96aa3595898616446 '   itemscope=\"itemscope\" itemtype=\"https:\/\/schema.org\/CreativeWork\" ><div class='avia_textblock'  itemprop=\"text\" ><blockquote>\n<h2><strong>Politique de l\u2019entreprise<\/strong><\/h2>\n<p>Nous fabriquons des meubles haut-de-gamme et mettons toujours l\u2019accent sur la diversit\u00e9, la fiabilit\u00e9, et l\u2019innovation.<\/p>\n<p>Nous accroissons notre activit\u00e9 en Recherche et D\u00e9veloppement dans les secteurs du mobilier de maison, bureau, hot\u00eallerie et yacht.<\/p>\n<p>Nous offrons \u00e0 notre main d\u2019\u0153uvre et \u00e0 tout notre personnel une formation continue et veillons toujours au bien-\u00eatre et \u00e0 la satisfaction de chacun.<\/p>\n<p>Nous r\u00e9visons syst\u00e9matiquement l\u2019\u00e9valuation de nos fournisseurs.<\/p>\n<p>Nous \u00e9valuons syst\u00e9matiquement la satisfaction de nos partenaires.<\/p>\n<p>Nous mettons l\u2019accent sans cesse sur la cr\u00e9ations de nouveaux avantages comp\u00e9titifs, pour valoriser nos clients et nos partenaires.<\/p>\n<p>Pour optimiser notre cha\u00eene de conception et de fabrication, et afin d\u2019adopter des pratiques commerciales excellentes, nous r\u00e9investissons r\u00e9guli\u00e8rement nos gains.<\/p>\n<\/div><\/section><\/p><\/div><\/p><\/blockquote>\n","protected":false},"excerpt":{"rendered":"","protected":false},"author":1,"featured_media":0,"parent":0,"menu_order":0,"comment_status":"closed","ping_status":"closed","template":"","meta":{"footnotes":""},"class_list":["post-1827","page","type-page","status-publish","hentry"],"yoast_head":"<!-- This site is optimized with the Yoast SEO plugin v27.4 - https:\/\/yoast.com\/product\/yoast-seo-wordpress\/ -->\n<title>Notre compagnie - Dafi<\/title>\n<meta name=\"robots\" content=\"index, follow, max-snippet:-1, max-image-preview:large, max-video-preview:-1\" \/>\n<link rel=\"canonical\" href=\"https:\/\/dafi-dafi.gr\/en\/notre-compagnie\/\" \/>\n<meta property=\"og:locale\" content=\"en_US\" \/>\n<meta property=\"og:type\" content=\"article\" \/>\n<meta property=\"og:title\" content=\"Notre compagnie - Dafi\" \/>\n<meta property=\"og:url\" content=\"https:\/\/dafi-dafi.gr\/en\/notre-compagnie\/\" \/>\n<meta property=\"og:site_name\" content=\"Dafi\" \/>\n<meta property=\"article:publisher\" content=\"https:\/\/www.facebook.com\/dafidafi.gr\/\" \/>\n<meta name=\"twitter:card\" content=\"summary_large_image\" \/>\n<meta name=\"twitter:label1\" content=\"Est. reading time\" \/>\n\t<meta name=\"twitter:data1\" content=\"13 minutes\" \/>\n<script type=\"application\/ld+json\" class=\"yoast-schema-graph\">{\"@context\":\"https:\\\/\\\/schema.org\",\"@graph\":[{\"@type\":\"WebPage\",\"@id\":\"https:\\\/\\\/dafi-dafi.gr\\\/en\\\/notre-compagnie\\\/\",\"url\":\"https:\\\/\\\/dafi-dafi.gr\\\/en\\\/notre-compagnie\\\/\",\"name\":\"Notre compagnie - Dafi\",\"isPartOf\":{\"@id\":\"https:\\\/\\\/dafi-dafi.gr\\\/#website\"},\"datePublished\":\"2018-10-07T13:13:21+00:00\",\"breadcrumb\":{\"@id\":\"https:\\\/\\\/dafi-dafi.gr\\\/en\\\/notre-compagnie\\\/#breadcrumb\"},\"inLanguage\":\"en-US\",\"potentialAction\":[{\"@type\":\"ReadAction\",\"target\":[\"https:\\\/\\\/dafi-dafi.gr\\\/en\\\/notre-compagnie\\\/\"]}]},{\"@type\":\"BreadcrumbList\",\"@id\":\"https:\\\/\\\/dafi-dafi.gr\\\/en\\\/notre-compagnie\\\/#breadcrumb\",\"itemListElement\":[{\"@type\":\"ListItem\",\"position\":1,\"name\":\"Home\",\"item\":\"https:\\\/\\\/dafi-dafi.gr\\\/en\\\/dafi-dafi-home\\\/\"},{\"@type\":\"ListItem\",\"position\":2,\"name\":\"Notre compagnie\"}]},{\"@type\":\"WebSite\",\"@id\":\"https:\\\/\\\/dafi-dafi.gr\\\/#website\",\"url\":\"https:\\\/\\\/dafi-dafi.gr\\\/\",\"name\":\"Dafi\",\"description\":\"\u0388&pi;&iota;&pi;&lambda;&alpha;\",\"publisher\":{\"@id\":\"https:\\\/\\\/dafi-dafi.gr\\\/#organization\"},\"potentialAction\":[{\"@type\":\"SearchAction\",\"target\":{\"@type\":\"EntryPoint\",\"urlTemplate\":\"https:\\\/\\\/dafi-dafi.gr\\\/?s={search_term_string}\"},\"query-input\":{\"@type\":\"PropertyValueSpecification\",\"valueRequired\":true,\"valueName\":\"search_term_string\"}}],\"inLanguage\":\"en-US\"},{\"@type\":\"Organization\",\"@id\":\"https:\\\/\\\/dafi-dafi.gr\\\/#organization\",\"name\":\"Dafi\",\"url\":\"https:\\\/\\\/dafi-dafi.gr\\\/\",\"logo\":{\"@type\":\"ImageObject\",\"inLanguage\":\"en-US\",\"@id\":\"https:\\\/\\\/dafi-dafi.gr\\\/#\\\/schema\\\/logo\\\/image\\\/\",\"url\":\"https:\\\/\\\/dafi-dafi.gr\\\/wp-content\\\/uploads\\\/2018\\\/05\\\/logo.png\",\"contentUrl\":\"https:\\\/\\\/dafi-dafi.gr\\\/wp-content\\\/uploads\\\/2018\\\/05\\\/logo.png\",\"width\":300,\"height\":94,\"caption\":\"Dafi\"},\"image\":{\"@id\":\"https:\\\/\\\/dafi-dafi.gr\\\/#\\\/schema\\\/logo\\\/image\\\/\"},\"sameAs\":[\"https:\\\/\\\/www.facebook.com\\\/dafidafi.gr\\\/\",\"https:\\\/\\\/www.instagram.com\\\/dafi__dafi\\\/\"]}]}<\/script>\n<!-- \/ Yoast SEO plugin. -->","yoast_head_json":{"title":"Notre compagnie - Dafi","robots":{"index":"index","follow":"follow","max-snippet":"max-snippet:-1","max-image-preview":"max-image-preview:large","max-video-preview":"max-video-preview:-1"},"canonical":"https:\/\/dafi-dafi.gr\/en\/notre-compagnie\/","og_locale":"en_US","og_type":"article","og_title":"Notre compagnie - Dafi","og_url":"https:\/\/dafi-dafi.gr\/en\/notre-compagnie\/","og_site_name":"Dafi","article_publisher":"https:\/\/www.facebook.com\/dafidafi.gr\/","twitter_card":"summary_large_image","twitter_misc":{"Est. reading time":"13 minutes"},"schema":{"@context":"https:\/\/schema.org","@graph":[{"@type":"WebPage","@id":"https:\/\/dafi-dafi.gr\/en\/notre-compagnie\/","url":"https:\/\/dafi-dafi.gr\/en\/notre-compagnie\/","name":"Notre compagnie - Dafi","isPartOf":{"@id":"https:\/\/dafi-dafi.gr\/#website"},"datePublished":"2018-10-07T13:13:21+00:00","breadcrumb":{"@id":"https:\/\/dafi-dafi.gr\/en\/notre-compagnie\/#breadcrumb"},"inLanguage":"en-US","potentialAction":[{"@type":"ReadAction","target":["https:\/\/dafi-dafi.gr\/en\/notre-compagnie\/"]}]},{"@type":"BreadcrumbList","@id":"https:\/\/dafi-dafi.gr\/en\/notre-compagnie\/#breadcrumb","itemListElement":[{"@type":"ListItem","position":1,"name":"Home","item":"https:\/\/dafi-dafi.gr\/en\/dafi-dafi-home\/"},{"@type":"ListItem","position":2,"name":"Notre compagnie"}]},{"@type":"WebSite","@id":"https:\/\/dafi-dafi.gr\/#website","url":"https:\/\/dafi-dafi.gr\/","name":"Dafi","description":"\u0388&pi;&iota;&pi;&lambda;&alpha;","publisher":{"@id":"https:\/\/dafi-dafi.gr\/#organization"},"potentialAction":[{"@type":"SearchAction","target":{"@type":"EntryPoint","urlTemplate":"https:\/\/dafi-dafi.gr\/?s={search_term_string}"},"query-input":{"@type":"PropertyValueSpecification","valueRequired":true,"valueName":"search_term_string"}}],"inLanguage":"en-US"},{"@type":"Organization","@id":"https:\/\/dafi-dafi.gr\/#organization","name":"Dafi","url":"https:\/\/dafi-dafi.gr\/","logo":{"@type":"ImageObject","inLanguage":"en-US","@id":"https:\/\/dafi-dafi.gr\/#\/schema\/logo\/image\/","url":"https:\/\/dafi-dafi.gr\/wp-content\/uploads\/2018\/05\/logo.png","contentUrl":"https:\/\/dafi-dafi.gr\/wp-content\/uploads\/2018\/05\/logo.png","width":300,"height":94,"caption":"Dafi"},"image":{"@id":"https:\/\/dafi-dafi.gr\/#\/schema\/logo\/image\/"},"sameAs":["https:\/\/www.facebook.com\/dafidafi.gr\/","https:\/\/www.instagram.com\/dafi__dafi\/"]}]}},"_links":{"self":[{"href":"https:\/\/dafi-dafi.gr\/en\/wp-json\/wp\/v2\/pages\/1827","targetHints":{"allow":["GET"]}}],"collection":[{"href":"https:\/\/dafi-dafi.gr\/en\/wp-json\/wp\/v2\/pages"}],"about":[{"href":"https:\/\/dafi-dafi.gr\/en\/wp-json\/wp\/v2\/types\/page"}],"author":[{"embeddable":true,"href":"https:\/\/dafi-dafi.gr\/en\/wp-json\/wp\/v2\/users\/1"}],"replies":[{"embeddable":true,"href":"https:\/\/dafi-dafi.gr\/en\/wp-json\/wp\/v2\/comments?post=1827"}],"version-history":[{"count":4,"href":"https:\/\/dafi-dafi.gr\/en\/wp-json\/wp\/v2\/pages\/1827\/revisions"}],"predecessor-version":[{"id":1831,"href":"https:\/\/dafi-dafi.gr\/en\/wp-json\/wp\/v2\/pages\/1827\/revisions\/1831"}],"wp:attachment":[{"href":"https:\/\/dafi-dafi.gr\/en\/wp-json\/wp\/v2\/media?parent=1827"}],"curies":[{"name":"wp","href":"https:\/\/api.w.org\/{rel}","templated":true}]}}